{"id":953,"date":"2022-03-09T13:20:20","date_gmt":"2022-03-09T13:20:20","guid":{"rendered":"https:\/\/cifras.lt\/thingstories\/?post_type=product&#038;p=953"},"modified":"2023-03-08T16:28:44","modified_gmt":"2023-03-08T16:28:44","slug":"dovanu-kuponas","status":"publish","type":"product","link":"https:\/\/thingstories.com\/lt\/lininis-produktas\/dovanu-kuponas\/","title":{"rendered":"Dovan\u0173 kuponas"},"content":{"rendered":"","protected":false},"excerpt":{"rendered":"","protected":false},"featured_media":707,"comment_status":"closed","ping_status":"closed","template":"","meta":{"_acf_changed":false},"product_brand":[],"product_cat":[61],"product_tag":[],"giftcard-category":[],"class_list":{"0":"post-953","1":"product","2":"type-product","3":"status-publish","4":"has-post-thumbnail","6":"product_cat-dovanu-kuponai","8":"first","9":"instock","10":"virtual","11":"taxable","12":"purchasable","13":"product-type-gift-card"},"acf":[],"yoast_head":"<!-- This site is optimized with the Yoast SEO plugin v27.4 - https:\/\/yoast.com\/product\/yoast-seo-wordpress\/ -->\n<title>Dovan\u0173 kuponas | Thing Stories<\/title>\n<meta name=\"description\" content=\"Lino gaminiai namams yra puiki dovana tiems, kurie vertina nat\u016bralias med\u017eiagas ir j\u0173 draugi\u0161kum\u0105 aplinkai. O dovan\u0173 kuponas leis jums pasirinkti i\u0161 plataus lino produkt\u0173 asortimento, kuris apima kelioninius krep\u0161ius bei kosmetines, rank\u0161luos\u010dius voniai, virtuvei, stalo takelius, servet\u0117les staltieses kasdienai bei \u0161vent\u0117ms ar ypatingoms progoms.Visi lino gaminiai yra pagaminti i\u0161 auk\u0161\u010diausios kokyb\u0117s lin\u0173 pluo\u0161to. Lino audiniai aud\u017eiami bei nam\u0173 tekstil\u0117 si\u016bnama remiantis auk\u0161tais gamybiniais standartais, siekiant u\u017etikrinti ilgaam\u017ei\u0161kum\u0105 bei tvarum\u0105. Nat\u016bralios ir subtilios spalvos atitinkta \u0161iuolaikinio nam\u0173 dizaino tendencijas. Dovanojant \u0161\u012f \u010dek\u012f, gav\u0117jas gal\u0117s rinktis i\u0161 daugyb\u0117s lino gamini\u0173 stili\u0173 ir spalv\u0173. Tai puiki dovana tiems, kurie nori prisid\u0117ti nat\u016bralumo ir elegancijos j\u0173 nam\u0173 interjerui. Patiks ir \u012ftiks kiekvien\u0173 nam\u0173 stiliui bei interjerui. Tai yra puikus b\u016bdas parodyti savo mylimam \u017emogui, kad j\u016bs r\u016bpinat\u0117s j\u0173 gyvenamojoje erdv\u0117je ir norite pad\u0117ti jiems sukurti jauki\u0105 ir eleganti\u0161k\u0105 nam\u0173 aplink\u0105.\" \/>\n<meta name=\"robots\" content=\"index, follow, max-snippet:-1, max-image-preview:large, max-video-preview:-1\" \/>\n<link rel=\"canonical\" href=\"https:\/\/thingstories.com\/lt\/lininis-produktas\/dovanu-kuponas\/\" \/>\n<meta property=\"og:locale\" content=\"lt_LT\" \/>\n<meta property=\"og:type\" content=\"article\" \/>\n<meta property=\"og:title\" content=\"Dovan\u0173 kuponas | Thing Stories\" \/>\n<meta property=\"og:description\" content=\"Lino gaminiai namams yra puiki dovana tiems, kurie vertina nat\u016bralias med\u017eiagas ir j\u0173 draugi\u0161kum\u0105 aplinkai. O dovan\u0173 kuponas leis jums pasirinkti i\u0161 plataus lino produkt\u0173 asortimento, kuris apima kelioninius krep\u0161ius bei kosmetines, rank\u0161luos\u010dius voniai, virtuvei, stalo takelius, servet\u0117les staltieses kasdienai bei \u0161vent\u0117ms ar ypatingoms progoms.Visi lino gaminiai yra pagaminti i\u0161 auk\u0161\u010diausios kokyb\u0117s lin\u0173 pluo\u0161to. Lino audiniai aud\u017eiami bei nam\u0173 tekstil\u0117 si\u016bnama remiantis auk\u0161tais gamybiniais standartais, siekiant u\u017etikrinti ilgaam\u017ei\u0161kum\u0105 bei tvarum\u0105. Nat\u016bralios ir subtilios spalvos atitinkta \u0161iuolaikinio nam\u0173 dizaino tendencijas. Dovanojant \u0161\u012f \u010dek\u012f, gav\u0117jas gal\u0117s rinktis i\u0161 daugyb\u0117s lino gamini\u0173 stili\u0173 ir spalv\u0173. Tai puiki dovana tiems, kurie nori prisid\u0117ti nat\u016bralumo ir elegancijos j\u0173 nam\u0173 interjerui. Patiks ir \u012ftiks kiekvien\u0173 nam\u0173 stiliui bei interjerui. Tai yra puikus b\u016bdas parodyti savo mylimam \u017emogui, kad j\u016bs r\u016bpinat\u0117s j\u0173 gyvenamojoje erdv\u0117je ir norite pad\u0117ti jiems sukurti jauki\u0105 ir eleganti\u0161k\u0105 nam\u0173 aplink\u0105.\" \/>\n<meta property=\"og:url\" content=\"https:\/\/thingstories.com\/lt\/lininis-produktas\/dovanu-kuponas\/\" \/>\n<meta property=\"og:site_name\" content=\"Thing Stories\" \/>\n<meta property=\"article:publisher\" content=\"https:\/\/www.facebook.com\/thingstories\" \/>\n<meta property=\"article:modified_time\" content=\"2023-03-08T16:28:44+00:00\" \/>\n<meta property=\"og:image\" content=\"https:\/\/thingstories.com\/wp-admin\/uploads\/og_image.png\" \/>\n\t<meta property=\"og:image:width\" content=\"648\" \/>\n\t<meta property=\"og:image:height\" content=\"821\" \/>\n\t<meta property=\"og:image:type\" content=\"image\/jpeg\" \/>\n<meta name=\"twitter:card\" content=\"summary_large_image\" \/>\n<meta name=\"twitter:site\" content=\"@Thing_Stories\" \/>\n<script type=\"application\/ld+json\" class=\"yoast-schema-graph\">{\"@context\":\"https:\\\/\\\/schema.org\",\"@graph\":[{\"@type\":\"WebPage\",\"@id\":\"https:\\\/\\\/thingstories.com\\\/lt\\\/lininis-produktas\\\/dovanu-kuponas\\\/\",\"url\":\"https:\\\/\\\/thingstories.com\\\/lt\\\/lininis-produktas\\\/dovanu-kuponas\\\/\",\"name\":\"Dovan\u0173 kuponas | Thing Stories\",\"isPartOf\":{\"@id\":\"https:\\\/\\\/thingstories.com\\\/lt\\\/#website\"},\"primaryImageOfPage\":{\"@id\":\"https:\\\/\\\/thingstories.com\\\/lt\\\/lininis-produktas\\\/dovanu-kuponas\\\/#primaryimage\"},\"image\":{\"@id\":\"https:\\\/\\\/thingstories.com\\\/lt\\\/lininis-produktas\\\/dovanu-kuponas\\\/#primaryimage\"},\"thumbnailUrl\":\"https:\\\/\\\/thingstories.com\\\/wp-content\\\/uploads\\\/2022\\\/01\\\/MG_3780.jpg\",\"datePublished\":\"2022-03-09T13:20:20+00:00\",\"dateModified\":\"2023-03-08T16:28:44+00:00\",\"description\":\"Lino gaminiai namams yra puiki dovana tiems, kurie vertina nat\u016bralias med\u017eiagas ir j\u0173 draugi\u0161kum\u0105 aplinkai. O dovan\u0173 kuponas leis jums pasirinkti i\u0161 plataus lino produkt\u0173 asortimento, kuris apima kelioninius krep\u0161ius bei kosmetines, rank\u0161luos\u010dius voniai, virtuvei, stalo takelius, servet\u0117les staltieses kasdienai bei \u0161vent\u0117ms ar ypatingoms progoms.Visi lino gaminiai yra pagaminti i\u0161 auk\u0161\u010diausios kokyb\u0117s lin\u0173 pluo\u0161to. Lino audiniai aud\u017eiami bei nam\u0173 tekstil\u0117 si\u016bnama remiantis auk\u0161tais gamybiniais standartais, siekiant u\u017etikrinti ilgaam\u017ei\u0161kum\u0105 bei tvarum\u0105. Nat\u016bralios ir subtilios spalvos atitinkta \u0161iuolaikinio nam\u0173 dizaino tendencijas. Dovanojant \u0161\u012f \u010dek\u012f, gav\u0117jas gal\u0117s rinktis i\u0161 daugyb\u0117s lino gamini\u0173 stili\u0173 ir spalv\u0173. Tai puiki dovana tiems, kurie nori prisid\u0117ti nat\u016bralumo ir elegancijos j\u0173 nam\u0173 interjerui. Patiks ir \u012ftiks kiekvien\u0173 nam\u0173 stiliui bei interjerui. Tai yra puikus b\u016bdas parodyti savo mylimam \u017emogui, kad j\u016bs r\u016bpinat\u0117s j\u0173 gyvenamojoje erdv\u0117je ir norite pad\u0117ti jiems sukurti jauki\u0105 ir eleganti\u0161k\u0105 nam\u0173 aplink\u0105.\",\"breadcrumb\":{\"@id\":\"https:\\\/\\\/thingstories.com\\\/lt\\\/lininis-produktas\\\/dovanu-kuponas\\\/#breadcrumb\"},\"inLanguage\":\"lt-LT\",\"potentialAction\":[{\"@type\":\"ReadAction\",\"target\":[\"https:\\\/\\\/thingstories.com\\\/lt\\\/lininis-produktas\\\/dovanu-kuponas\\\/\"]}]},{\"@type\":\"ImageObject\",\"inLanguage\":\"lt-LT\",\"@id\":\"https:\\\/\\\/thingstories.com\\\/lt\\\/lininis-produktas\\\/dovanu-kuponas\\\/#primaryimage\",\"url\":\"https:\\\/\\\/thingstories.com\\\/wp-content\\\/uploads\\\/2022\\\/01\\\/MG_3780.jpg\",\"contentUrl\":\"https:\\\/\\\/thingstories.com\\\/wp-content\\\/uploads\\\/2022\\\/01\\\/MG_3780.jpg\",\"width\":648,\"height\":821,\"caption\":\"Thing-Stories-gift-card-voucher-coupon-dovanu-kuponas-linen-natural\"},{\"@type\":\"BreadcrumbList\",\"@id\":\"https:\\\/\\\/thingstories.com\\\/lt\\\/lininis-produktas\\\/dovanu-kuponas\\\/#breadcrumb\",\"itemListElement\":[{\"@type\":\"ListItem\",\"position\":1,\"name\":\"Home\",\"item\":\"https:\\\/\\\/thingstories.com\\\/lt\\\/\"},{\"@type\":\"ListItem\",\"position\":2,\"name\":\"Parduotuv\u0117\",\"item\":\"https:\\\/\\\/thingstories.com\\\/shop-thing-stor\\\/\"},{\"@type\":\"ListItem\",\"position\":3,\"name\":\"Dovan\u0173 kuponas\"}]},{\"@type\":\"WebSite\",\"@id\":\"https:\\\/\\\/thingstories.com\\\/lt\\\/#website\",\"url\":\"https:\\\/\\\/thingstories.com\\\/lt\\\/\",\"name\":\"Thing Stories\",\"description\":\"Just another WordPress site\",\"publisher\":{\"@id\":\"https:\\\/\\\/thingstories.com\\\/lt\\\/#organization\"},\"potentialAction\":[{\"@type\":\"SearchAction\",\"target\":{\"@type\":\"EntryPoint\",\"urlTemplate\":\"https:\\\/\\\/thingstories.com\\\/lt\\\/?s={search_term_string}\"},\"query-input\":{\"@type\":\"PropertyValueSpecification\",\"valueRequired\":true,\"valueName\":\"search_term_string\"}}],\"inLanguage\":\"lt-LT\"},{\"@type\":\"Organization\",\"@id\":\"https:\\\/\\\/thingstories.com\\\/lt\\\/#organization\",\"name\":\"Thing Stories\",\"url\":\"https:\\\/\\\/thingstories.com\\\/lt\\\/\",\"logo\":{\"@type\":\"ImageObject\",\"inLanguage\":\"lt-LT\",\"@id\":\"https:\\\/\\\/thingstories.com\\\/lt\\\/#\\\/schema\\\/logo\\\/image\\\/\",\"url\":\"https:\\\/\\\/thingstories.com\\\/wp-content\\\/uploads\\\/2023\\\/04\\\/logo.svg\",\"contentUrl\":\"https:\\\/\\\/thingstories.com\\\/wp-content\\\/uploads\\\/2023\\\/04\\\/logo.svg\",\"width\":165,\"height\":48,\"caption\":\"Thing Stories\"},\"image\":{\"@id\":\"https:\\\/\\\/thingstories.com\\\/lt\\\/#\\\/schema\\\/logo\\\/image\\\/\"},\"sameAs\":[\"https:\\\/\\\/www.facebook.com\\\/thingstories\",\"https:\\\/\\\/x.com\\\/Thing_Stories\",\"https:\\\/\\\/www.instagram.com\\\/thing_stories\\\/\",\"https:\\\/\\\/www.pinterest.com\\\/thingstories\\\/\",\"https:\\\/\\\/www.youtube.com\\\/channel\\\/UCpJAGpQV1_ERqXtLvk-M0yA\",\"https:\\\/\\\/www.linkedin.com\\\/company\\\/thing-stories\\\/?viewAsMember=true\"]}]}<\/script>\n<!-- \/ Yoast SEO plugin. -->","yoast_head_json":{"title":"Dovan\u0173 kuponas | Thing Stories","description":"Lino gaminiai namams yra puiki dovana tiems, kurie vertina nat\u016bralias med\u017eiagas ir j\u0173 draugi\u0161kum\u0105 aplinkai. O dovan\u0173 kuponas leis jums pasirinkti i\u0161 plataus lino produkt\u0173 asortimento, kuris apima kelioninius krep\u0161ius bei kosmetines, rank\u0161luos\u010dius voniai, virtuvei, stalo takelius, servet\u0117les staltieses kasdienai bei \u0161vent\u0117ms ar ypatingoms progoms.Visi lino gaminiai yra pagaminti i\u0161 auk\u0161\u010diausios kokyb\u0117s lin\u0173 pluo\u0161to. Lino audiniai aud\u017eiami bei nam\u0173 tekstil\u0117 si\u016bnama remiantis auk\u0161tais gamybiniais standartais, siekiant u\u017etikrinti ilgaam\u017ei\u0161kum\u0105 bei tvarum\u0105. Nat\u016bralios ir subtilios spalvos atitinkta \u0161iuolaikinio nam\u0173 dizaino tendencijas. Dovanojant \u0161\u012f \u010dek\u012f, gav\u0117jas gal\u0117s rinktis i\u0161 daugyb\u0117s lino gamini\u0173 stili\u0173 ir spalv\u0173. Tai puiki dovana tiems, kurie nori prisid\u0117ti nat\u016bralumo ir elegancijos j\u0173 nam\u0173 interjerui. Patiks ir \u012ftiks kiekvien\u0173 nam\u0173 stiliui bei interjerui. Tai yra puikus b\u016bdas parodyti savo mylimam \u017emogui, kad j\u016bs r\u016bpinat\u0117s j\u0173 gyvenamojoje erdv\u0117je ir norite pad\u0117ti jiems sukurti jauki\u0105 ir eleganti\u0161k\u0105 nam\u0173 aplink\u0105.","robots":{"index":"index","follow":"follow","max-snippet":"max-snippet:-1","max-image-preview":"max-image-preview:large","max-video-preview":"max-video-preview:-1"},"canonical":"https:\/\/thingstories.com\/lt\/lininis-produktas\/dovanu-kuponas\/","og_locale":"lt_LT","og_type":"article","og_title":"Dovan\u0173 kuponas | Thing Stories","og_description":"Lino gaminiai namams yra puiki dovana tiems, kurie vertina nat\u016bralias med\u017eiagas ir j\u0173 draugi\u0161kum\u0105 aplinkai. O dovan\u0173 kuponas leis jums pasirinkti i\u0161 plataus lino produkt\u0173 asortimento, kuris apima kelioninius krep\u0161ius bei kosmetines, rank\u0161luos\u010dius voniai, virtuvei, stalo takelius, servet\u0117les staltieses kasdienai bei \u0161vent\u0117ms ar ypatingoms progoms.Visi lino gaminiai yra pagaminti i\u0161 auk\u0161\u010diausios kokyb\u0117s lin\u0173 pluo\u0161to. Lino audiniai aud\u017eiami bei nam\u0173 tekstil\u0117 si\u016bnama remiantis auk\u0161tais gamybiniais standartais, siekiant u\u017etikrinti ilgaam\u017ei\u0161kum\u0105 bei tvarum\u0105. Nat\u016bralios ir subtilios spalvos atitinkta \u0161iuolaikinio nam\u0173 dizaino tendencijas. Dovanojant \u0161\u012f \u010dek\u012f, gav\u0117jas gal\u0117s rinktis i\u0161 daugyb\u0117s lino gamini\u0173 stili\u0173 ir spalv\u0173. Tai puiki dovana tiems, kurie nori prisid\u0117ti nat\u016bralumo ir elegancijos j\u0173 nam\u0173 interjerui. Patiks ir \u012ftiks kiekvien\u0173 nam\u0173 stiliui bei interjerui. Tai yra puikus b\u016bdas parodyti savo mylimam \u017emogui, kad j\u016bs r\u016bpinat\u0117s j\u0173 gyvenamojoje erdv\u0117je ir norite pad\u0117ti jiems sukurti jauki\u0105 ir eleganti\u0161k\u0105 nam\u0173 aplink\u0105.","og_url":"https:\/\/thingstories.com\/lt\/lininis-produktas\/dovanu-kuponas\/","og_site_name":"Thing Stories","article_publisher":"https:\/\/www.facebook.com\/thingstories","article_modified_time":"2023-03-08T16:28:44+00:00","og_image":[{"width":648,"height":821,"url":"https:\/\/thingstories.com\/wp-admin\/uploads\/og_image.png","type":"image\/jpeg"}],"twitter_card":"summary_large_image","twitter_site":"@Thing_Stories","schema":{"@context":"https:\/\/schema.org","@graph":[{"@type":"WebPage","@id":"https:\/\/thingstories.com\/lt\/lininis-produktas\/dovanu-kuponas\/","url":"https:\/\/thingstories.com\/lt\/lininis-produktas\/dovanu-kuponas\/","name":"Dovan\u0173 kuponas | Thing Stories","isPartOf":{"@id":"https:\/\/thingstories.com\/lt\/#website"},"primaryImageOfPage":{"@id":"https:\/\/thingstories.com\/lt\/lininis-produktas\/dovanu-kuponas\/#primaryimage"},"image":{"@id":"https:\/\/thingstories.com\/lt\/lininis-produktas\/dovanu-kuponas\/#primaryimage"},"thumbnailUrl":"https:\/\/thingstories.com\/wp-content\/uploads\/2022\/01\/MG_3780.jpg","datePublished":"2022-03-09T13:20:20+00:00","dateModified":"2023-03-08T16:28:44+00:00","description":"Lino gaminiai namams yra puiki dovana tiems, kurie vertina nat\u016bralias med\u017eiagas ir j\u0173 draugi\u0161kum\u0105 aplinkai. O dovan\u0173 kuponas leis jums pasirinkti i\u0161 plataus lino produkt\u0173 asortimento, kuris apima kelioninius krep\u0161ius bei kosmetines, rank\u0161luos\u010dius voniai, virtuvei, stalo takelius, servet\u0117les staltieses kasdienai bei \u0161vent\u0117ms ar ypatingoms progoms.Visi lino gaminiai yra pagaminti i\u0161 auk\u0161\u010diausios kokyb\u0117s lin\u0173 pluo\u0161to. Lino audiniai aud\u017eiami bei nam\u0173 tekstil\u0117 si\u016bnama remiantis auk\u0161tais gamybiniais standartais, siekiant u\u017etikrinti ilgaam\u017ei\u0161kum\u0105 bei tvarum\u0105. Nat\u016bralios ir subtilios spalvos atitinkta \u0161iuolaikinio nam\u0173 dizaino tendencijas. Dovanojant \u0161\u012f \u010dek\u012f, gav\u0117jas gal\u0117s rinktis i\u0161 daugyb\u0117s lino gamini\u0173 stili\u0173 ir spalv\u0173. Tai puiki dovana tiems, kurie nori prisid\u0117ti nat\u016bralumo ir elegancijos j\u0173 nam\u0173 interjerui. Patiks ir \u012ftiks kiekvien\u0173 nam\u0173 stiliui bei interjerui. Tai yra puikus b\u016bdas parodyti savo mylimam \u017emogui, kad j\u016bs r\u016bpinat\u0117s j\u0173 gyvenamojoje erdv\u0117je ir norite pad\u0117ti jiems sukurti jauki\u0105 ir eleganti\u0161k\u0105 nam\u0173 aplink\u0105.","breadcrumb":{"@id":"https:\/\/thingstories.com\/lt\/lininis-produktas\/dovanu-kuponas\/#breadcrumb"},"inLanguage":"lt-LT","potentialAction":[{"@type":"ReadAction","target":["https:\/\/thingstories.com\/lt\/lininis-produktas\/dovanu-kuponas\/"]}]},{"@type":"ImageObject","inLanguage":"lt-LT","@id":"https:\/\/thingstories.com\/lt\/lininis-produktas\/dovanu-kuponas\/#primaryimage","url":"https:\/\/thingstories.com\/wp-content\/uploads\/2022\/01\/MG_3780.jpg","contentUrl":"https:\/\/thingstories.com\/wp-content\/uploads\/2022\/01\/MG_3780.jpg","width":648,"height":821,"caption":"Thing-Stories-gift-card-voucher-coupon-dovanu-kuponas-linen-natural"},{"@type":"BreadcrumbList","@id":"https:\/\/thingstories.com\/lt\/lininis-produktas\/dovanu-kuponas\/#breadcrumb","itemListElement":[{"@type":"ListItem","position":1,"name":"Home","item":"https:\/\/thingstories.com\/lt\/"},{"@type":"ListItem","position":2,"name":"Parduotuv\u0117","item":"https:\/\/thingstories.com\/shop-thing-stor\/"},{"@type":"ListItem","position":3,"name":"Dovan\u0173 kuponas"}]},{"@type":"WebSite","@id":"https:\/\/thingstories.com\/lt\/#website","url":"https:\/\/thingstories.com\/lt\/","name":"Thing Stories","description":"Just another WordPress site","publisher":{"@id":"https:\/\/thingstories.com\/lt\/#organization"},"potentialAction":[{"@type":"SearchAction","target":{"@type":"EntryPoint","urlTemplate":"https:\/\/thingstories.com\/lt\/?s={search_term_string}"},"query-input":{"@type":"PropertyValueSpecification","valueRequired":true,"valueName":"search_term_string"}}],"inLanguage":"lt-LT"},{"@type":"Organization","@id":"https:\/\/thingstories.com\/lt\/#organization","name":"Thing Stories","url":"https:\/\/thingstories.com\/lt\/","logo":{"@type":"ImageObject","inLanguage":"lt-LT","@id":"https:\/\/thingstories.com\/lt\/#\/schema\/logo\/image\/","url":"https:\/\/thingstories.com\/wp-content\/uploads\/2023\/04\/logo.svg","contentUrl":"https:\/\/thingstories.com\/wp-content\/uploads\/2023\/04\/logo.svg","width":165,"height":48,"caption":"Thing Stories"},"image":{"@id":"https:\/\/thingstories.com\/lt\/#\/schema\/logo\/image\/"},"sameAs":["https:\/\/www.facebook.com\/thingstories","https:\/\/x.com\/Thing_Stories","https:\/\/www.instagram.com\/thing_stories\/","https:\/\/www.pinterest.com\/thingstories\/","https:\/\/www.youtube.com\/channel\/UCpJAGpQV1_ERqXtLvk-M0yA","https:\/\/www.linkedin.com\/company\/thing-stories\/?viewAsMember=true"]}]}},"_links":{"self":[{"href":"https:\/\/thingstories.com\/lt\/wp-json\/wp\/v2\/product\/953","targetHints":{"allow":["GET"]}}],"collection":[{"href":"https:\/\/thingstories.com\/lt\/wp-json\/wp\/v2\/product"}],"about":[{"href":"https:\/\/thingstories.com\/lt\/wp-json\/wp\/v2\/types\/product"}],"replies":[{"embeddable":true,"href":"https:\/\/thingstories.com\/lt\/wp-json\/wp\/v2\/comments?post=953"}],"wp:featuredmedia":[{"embeddable":true,"href":"https:\/\/thingstories.com\/lt\/wp-json\/wp\/v2\/media\/707"}],"wp:attachment":[{"href":"https:\/\/thingstories.com\/lt\/wp-json\/wp\/v2\/media?parent=953"}],"wp:term":[{"taxonomy":"product_brand","embeddable":true,"href":"https:\/\/thingstories.com\/lt\/wp-json\/wp\/v2\/product_brand?post=953"},{"taxonomy":"product_cat","embeddable":true,"href":"https:\/\/thingstories.com\/lt\/wp-json\/wp\/v2\/product_cat?post=953"},{"taxonomy":"product_tag","embeddable":true,"href":"https:\/\/thingstories.com\/lt\/wp-json\/wp\/v2\/product_tag?post=953"},{"taxonomy":"giftcard-category","embeddable":true,"href":"https:\/\/thingstories.com\/lt\/wp-json\/wp\/v2\/giftcard-category?post=953"}],"curies":[{"name":"wp","href":"https:\/\/api.w.org\/{rel}","templated":true}]}}