{"id":6318,"date":"2022-08-11T09:09:03","date_gmt":"2022-08-11T09:09:03","guid":{"rendered":"https:\/\/cifras.lt\/thingstories\/?post_type=product&#038;p=6318"},"modified":"2024-07-15T16:56:54","modified_gmt":"2024-07-15T14:56:54","slug":"juodi-lininiai-kelioniniai-skalbiniu-maiseliai","status":"publish","type":"product","link":"https:\/\/thingstories.com\/lt\/lininis-produktas\/juodi-lininiai-kelioniniai-skalbiniu-maiseliai\/","title":{"rendered":"Juodi lininiai kelioniniai skalbini\u0173 mai\u0161eliai"},"content":{"rendered":"","protected":false},"excerpt":{"rendered":"","protected":false},"featured_media":6988,"comment_status":"closed","ping_status":"closed","template":"","meta":{"_acf_changed":false},"product_brand":[],"product_cat":[94,38,470,22],"product_tag":[],"giftcard-category":[],"class_list":{"0":"post-6318","1":"product","2":"type-product","3":"status-publish","4":"has-post-thumbnail","6":"product_cat-lininiai-apatiniu-maiseliai","7":"product_cat-linas-kelionems","8":"product_cat-patogioms-kelionems","9":"product_cat-visi-produktai","10":"pa_pattern-balta-eglute","11":"pa_pattern-juoda-eglute-lt","12":"pa_pattern-pilka-eglute-lt","14":"first","15":"instock","16":"taxable","17":"shipping-taxable","18":"purchasable","19":"product-type-variable","20":"has-default-attributes"},"acf":[],"yoast_head":"<!-- This site is optimized with the Yoast SEO plugin v27.4 - https:\/\/yoast.com\/product\/yoast-seo-wordpress\/ -->\n<title>Juodi lininiai kelioniniai skalbini\u0173 mai\u0161eliai | Thing Stories<\/title>\n<meta name=\"description\" content=\"Kelioniniai skalbini\u0173 mai\u0161eliai siuvami i\u0161 auk\u0161tos kokyb\u0117s lino, tod\u0117l \u0161is aksesuaras ilgai tarnaus net ir u\u017ekiet\u0117jusiems keliautojams.\" \/>\n<meta name=\"robots\" content=\"index, follow, max-snippet:-1, max-image-preview:large, max-video-preview:-1\" \/>\n<link rel=\"canonical\" href=\"https:\/\/thingstories.com\/lininis-produktas\/black-linen-lingerie-bag-with-pockets-zippers\/\" \/>\n<meta property=\"og:locale\" content=\"lt_LT\" \/>\n<meta property=\"og:type\" content=\"article\" \/>\n<meta property=\"og:title\" content=\"Juodi lininiai kelioniniai skalbini\u0173 mai\u0161eliai | Thing Stories\" \/>\n<meta property=\"og:description\" content=\"Kelioniniai skalbini\u0173 mai\u0161eliai siuvami i\u0161 auk\u0161tos kokyb\u0117s lino, tod\u0117l \u0161is aksesuaras ilgai tarnaus net ir u\u017ekiet\u0117jusiems keliautojams.\" \/>\n<meta property=\"og:url\" content=\"https:\/\/thingstories.com\/lininis-produktas\/black-linen-lingerie-bag-with-pockets-zippers\/\" \/>\n<meta property=\"og:site_name\" content=\"Thing Stories\" \/>\n<meta property=\"article:publisher\" content=\"https:\/\/www.facebook.com\/thingstories\" \/>\n<meta property=\"article:modified_time\" content=\"2024-07-15T14:56:54+00:00\" \/>\n<meta property=\"og:image\" content=\"https:\/\/thingstories.com\/wp-admin\/uploads\/og_image.png\" \/>\n\t<meta property=\"og:image:width\" content=\"667\" \/>\n\t<meta property=\"og:image:height\" content=\"1000\" \/>\n\t<meta property=\"og:image:type\" content=\"image\/jpeg\" \/>\n<meta name=\"twitter:card\" content=\"summary_large_image\" \/>\n<meta name=\"twitter:site\" content=\"@Thing_Stories\" \/>\n<meta name=\"twitter:label1\" content=\"Est. reading time\" \/>\n\t<meta name=\"twitter:data1\" content=\"1 minut\u0117\" \/>\n<script type=\"application\/ld+json\" class=\"yoast-schema-graph\">{\"@context\":\"https:\\\/\\\/schema.org\",\"@graph\":[{\"@type\":\"WebPage\",\"@id\":\"https:\\\/\\\/thingstories.com\\\/lininis-produktas\\\/black-linen-lingerie-bag-with-pockets-zippers\\\/\",\"url\":\"https:\\\/\\\/thingstories.com\\\/lininis-produktas\\\/black-linen-lingerie-bag-with-pockets-zippers\\\/\",\"name\":\"Juodi lininiai kelioniniai skalbini\u0173 mai\u0161eliai | Thing Stories\",\"isPartOf\":{\"@id\":\"https:\\\/\\\/thingstories.com\\\/lt\\\/#website\"},\"primaryImageOfPage\":{\"@id\":\"https:\\\/\\\/thingstories.com\\\/lininis-produktas\\\/black-linen-lingerie-bag-with-pockets-zippers\\\/#primaryimage\"},\"image\":{\"@id\":\"https:\\\/\\\/thingstories.com\\\/lininis-produktas\\\/black-linen-lingerie-bag-with-pockets-zippers\\\/#primaryimage\"},\"thumbnailUrl\":\"https:\\\/\\\/thingstories.com\\\/wp-content\\\/uploads\\\/2022\\\/07\\\/category-lingerie-bags-Thing-Stories-Natural-Linen-laundry-travel.jpg\",\"datePublished\":\"2022-08-11T09:09:03+00:00\",\"dateModified\":\"2024-07-15T14:56:54+00:00\",\"description\":\"Kelioniniai skalbini\u0173 mai\u0161eliai siuvami i\u0161 auk\u0161tos kokyb\u0117s lino, tod\u0117l \u0161is aksesuaras ilgai tarnaus net ir u\u017ekiet\u0117jusiems keliautojams.\",\"breadcrumb\":{\"@id\":\"https:\\\/\\\/thingstories.com\\\/lininis-produktas\\\/black-linen-lingerie-bag-with-pockets-zippers\\\/#breadcrumb\"},\"inLanguage\":\"lt-LT\",\"potentialAction\":[{\"@type\":\"ReadAction\",\"target\":[\"https:\\\/\\\/thingstories.com\\\/lininis-produktas\\\/black-linen-lingerie-bag-with-pockets-zippers\\\/\"]}]},{\"@type\":\"ImageObject\",\"inLanguage\":\"lt-LT\",\"@id\":\"https:\\\/\\\/thingstories.com\\\/lininis-produktas\\\/black-linen-lingerie-bag-with-pockets-zippers\\\/#primaryimage\",\"url\":\"https:\\\/\\\/thingstories.com\\\/wp-content\\\/uploads\\\/2022\\\/07\\\/category-lingerie-bags-Thing-Stories-Natural-Linen-laundry-travel.jpg\",\"contentUrl\":\"https:\\\/\\\/thingstories.com\\\/wp-content\\\/uploads\\\/2022\\\/07\\\/category-lingerie-bags-Thing-Stories-Natural-Linen-laundry-travel.jpg\",\"width\":667,\"height\":1000},{\"@type\":\"BreadcrumbList\",\"@id\":\"https:\\\/\\\/thingstories.com\\\/lininis-produktas\\\/black-linen-lingerie-bag-with-pockets-zippers\\\/#breadcrumb\",\"itemListElement\":[{\"@type\":\"ListItem\",\"position\":1,\"name\":\"Home\",\"item\":\"https:\\\/\\\/thingstories.com\\\/lt\\\/\"},{\"@type\":\"ListItem\",\"position\":2,\"name\":\"Parduotuv\u0117\",\"item\":\"https:\\\/\\\/thingstories.com\\\/shop-thing-stor\\\/\"},{\"@type\":\"ListItem\",\"position\":3,\"name\":\"Juodi lininiai kelioniniai skalbini\u0173 mai\u0161eliai\"}]},{\"@type\":\"WebSite\",\"@id\":\"https:\\\/\\\/thingstories.com\\\/lt\\\/#website\",\"url\":\"https:\\\/\\\/thingstories.com\\\/lt\\\/\",\"name\":\"Thing Stories\",\"description\":\"Just another WordPress site\",\"publisher\":{\"@id\":\"https:\\\/\\\/thingstories.com\\\/lt\\\/#organization\"},\"potentialAction\":[{\"@type\":\"SearchAction\",\"target\":{\"@type\":\"EntryPoint\",\"urlTemplate\":\"https:\\\/\\\/thingstories.com\\\/lt\\\/?s={search_term_string}\"},\"query-input\":{\"@type\":\"PropertyValueSpecification\",\"valueRequired\":true,\"valueName\":\"search_term_string\"}}],\"inLanguage\":\"lt-LT\"},{\"@type\":\"Organization\",\"@id\":\"https:\\\/\\\/thingstories.com\\\/lt\\\/#organization\",\"name\":\"Thing Stories\",\"url\":\"https:\\\/\\\/thingstories.com\\\/lt\\\/\",\"logo\":{\"@type\":\"ImageObject\",\"inLanguage\":\"lt-LT\",\"@id\":\"https:\\\/\\\/thingstories.com\\\/lt\\\/#\\\/schema\\\/logo\\\/image\\\/\",\"url\":\"https:\\\/\\\/thingstories.com\\\/wp-content\\\/uploads\\\/2023\\\/04\\\/logo.svg\",\"contentUrl\":\"https:\\\/\\\/thingstories.com\\\/wp-content\\\/uploads\\\/2023\\\/04\\\/logo.svg\",\"width\":165,\"height\":48,\"caption\":\"Thing Stories\"},\"image\":{\"@id\":\"https:\\\/\\\/thingstories.com\\\/lt\\\/#\\\/schema\\\/logo\\\/image\\\/\"},\"sameAs\":[\"https:\\\/\\\/www.facebook.com\\\/thingstories\",\"https:\\\/\\\/x.com\\\/Thing_Stories\",\"https:\\\/\\\/www.instagram.com\\\/thing_stories\\\/\",\"https:\\\/\\\/www.pinterest.com\\\/thingstories\\\/\",\"https:\\\/\\\/www.youtube.com\\\/channel\\\/UCpJAGpQV1_ERqXtLvk-M0yA\",\"https:\\\/\\\/www.linkedin.com\\\/company\\\/thing-stories\\\/?viewAsMember=true\"]}]}<\/script>\n<!-- \/ Yoast SEO plugin. -->","yoast_head_json":{"title":"Juodi lininiai kelioniniai skalbini\u0173 mai\u0161eliai | Thing Stories","description":"Kelioniniai skalbini\u0173 mai\u0161eliai siuvami i\u0161 auk\u0161tos kokyb\u0117s lino, tod\u0117l \u0161is aksesuaras ilgai tarnaus net ir u\u017ekiet\u0117jusiems keliautojams.","robots":{"index":"index","follow":"follow","max-snippet":"max-snippet:-1","max-image-preview":"max-image-preview:large","max-video-preview":"max-video-preview:-1"},"canonical":"https:\/\/thingstories.com\/lininis-produktas\/black-linen-lingerie-bag-with-pockets-zippers\/","og_locale":"lt_LT","og_type":"article","og_title":"Juodi lininiai kelioniniai skalbini\u0173 mai\u0161eliai | Thing Stories","og_description":"Kelioniniai skalbini\u0173 mai\u0161eliai siuvami i\u0161 auk\u0161tos kokyb\u0117s lino, tod\u0117l \u0161is aksesuaras ilgai tarnaus net ir u\u017ekiet\u0117jusiems keliautojams.","og_url":"https:\/\/thingstories.com\/lininis-produktas\/black-linen-lingerie-bag-with-pockets-zippers\/","og_site_name":"Thing Stories","article_publisher":"https:\/\/www.facebook.com\/thingstories","article_modified_time":"2024-07-15T14:56:54+00:00","og_image":[{"width":667,"height":1000,"url":"https:\/\/thingstories.com\/wp-admin\/uploads\/og_image.png","type":"image\/jpeg"}],"twitter_card":"summary_large_image","twitter_site":"@Thing_Stories","twitter_misc":{"Est. reading time":"1 minut\u0117"},"schema":{"@context":"https:\/\/schema.org","@graph":[{"@type":"WebPage","@id":"https:\/\/thingstories.com\/lininis-produktas\/black-linen-lingerie-bag-with-pockets-zippers\/","url":"https:\/\/thingstories.com\/lininis-produktas\/black-linen-lingerie-bag-with-pockets-zippers\/","name":"Juodi lininiai kelioniniai skalbini\u0173 mai\u0161eliai | Thing Stories","isPartOf":{"@id":"https:\/\/thingstories.com\/lt\/#website"},"primaryImageOfPage":{"@id":"https:\/\/thingstories.com\/lininis-produktas\/black-linen-lingerie-bag-with-pockets-zippers\/#primaryimage"},"image":{"@id":"https:\/\/thingstories.com\/lininis-produktas\/black-linen-lingerie-bag-with-pockets-zippers\/#primaryimage"},"thumbnailUrl":"https:\/\/thingstories.com\/wp-content\/uploads\/2022\/07\/category-lingerie-bags-Thing-Stories-Natural-Linen-laundry-travel.jpg","datePublished":"2022-08-11T09:09:03+00:00","dateModified":"2024-07-15T14:56:54+00:00","description":"Kelioniniai skalbini\u0173 mai\u0161eliai siuvami i\u0161 auk\u0161tos kokyb\u0117s lino, tod\u0117l \u0161is aksesuaras ilgai tarnaus net ir u\u017ekiet\u0117jusiems keliautojams.","breadcrumb":{"@id":"https:\/\/thingstories.com\/lininis-produktas\/black-linen-lingerie-bag-with-pockets-zippers\/#breadcrumb"},"inLanguage":"lt-LT","potentialAction":[{"@type":"ReadAction","target":["https:\/\/thingstories.com\/lininis-produktas\/black-linen-lingerie-bag-with-pockets-zippers\/"]}]},{"@type":"ImageObject","inLanguage":"lt-LT","@id":"https:\/\/thingstories.com\/lininis-produktas\/black-linen-lingerie-bag-with-pockets-zippers\/#primaryimage","url":"https:\/\/thingstories.com\/wp-content\/uploads\/2022\/07\/category-lingerie-bags-Thing-Stories-Natural-Linen-laundry-travel.jpg","contentUrl":"https:\/\/thingstories.com\/wp-content\/uploads\/2022\/07\/category-lingerie-bags-Thing-Stories-Natural-Linen-laundry-travel.jpg","width":667,"height":1000},{"@type":"BreadcrumbList","@id":"https:\/\/thingstories.com\/lininis-produktas\/black-linen-lingerie-bag-with-pockets-zippers\/#breadcrumb","itemListElement":[{"@type":"ListItem","position":1,"name":"Home","item":"https:\/\/thingstories.com\/lt\/"},{"@type":"ListItem","position":2,"name":"Parduotuv\u0117","item":"https:\/\/thingstories.com\/shop-thing-stor\/"},{"@type":"ListItem","position":3,"name":"Juodi lininiai kelioniniai skalbini\u0173 mai\u0161eliai"}]},{"@type":"WebSite","@id":"https:\/\/thingstories.com\/lt\/#website","url":"https:\/\/thingstories.com\/lt\/","name":"Thing Stories","description":"Just another WordPress site","publisher":{"@id":"https:\/\/thingstories.com\/lt\/#organization"},"potentialAction":[{"@type":"SearchAction","target":{"@type":"EntryPoint","urlTemplate":"https:\/\/thingstories.com\/lt\/?s={search_term_string}"},"query-input":{"@type":"PropertyValueSpecification","valueRequired":true,"valueName":"search_term_string"}}],"inLanguage":"lt-LT"},{"@type":"Organization","@id":"https:\/\/thingstories.com\/lt\/#organization","name":"Thing Stories","url":"https:\/\/thingstories.com\/lt\/","logo":{"@type":"ImageObject","inLanguage":"lt-LT","@id":"https:\/\/thingstories.com\/lt\/#\/schema\/logo\/image\/","url":"https:\/\/thingstories.com\/wp-content\/uploads\/2023\/04\/logo.svg","contentUrl":"https:\/\/thingstories.com\/wp-content\/uploads\/2023\/04\/logo.svg","width":165,"height":48,"caption":"Thing Stories"},"image":{"@id":"https:\/\/thingstories.com\/lt\/#\/schema\/logo\/image\/"},"sameAs":["https:\/\/www.facebook.com\/thingstories","https:\/\/x.com\/Thing_Stories","https:\/\/www.instagram.com\/thing_stories\/","https:\/\/www.pinterest.com\/thingstories\/","https:\/\/www.youtube.com\/channel\/UCpJAGpQV1_ERqXtLvk-M0yA","https:\/\/www.linkedin.com\/company\/thing-stories\/?viewAsMember=true"]}]}},"_links":{"self":[{"href":"https:\/\/thingstories.com\/lt\/wp-json\/wp\/v2\/product\/6318","targetHints":{"allow":["GET"]}}],"collection":[{"href":"https:\/\/thingstories.com\/lt\/wp-json\/wp\/v2\/product"}],"about":[{"href":"https:\/\/thingstories.com\/lt\/wp-json\/wp\/v2\/types\/product"}],"replies":[{"embeddable":true,"href":"https:\/\/thingstories.com\/lt\/wp-json\/wp\/v2\/comments?post=6318"}],"wp:featuredmedia":[{"embeddable":true,"href":"https:\/\/thingstories.com\/lt\/wp-json\/wp\/v2\/media\/6988"}],"wp:attachment":[{"href":"https:\/\/thingstories.com\/lt\/wp-json\/wp\/v2\/media?parent=6318"}],"wp:term":[{"taxonomy":"product_brand","embeddable":true,"href":"https:\/\/thingstories.com\/lt\/wp-json\/wp\/v2\/product_brand?post=6318"},{"taxonomy":"product_cat","embeddable":true,"href":"https:\/\/thingstories.com\/lt\/wp-json\/wp\/v2\/product_cat?post=6318"},{"taxonomy":"product_tag","embeddable":true,"href":"https:\/\/thingstories.com\/lt\/wp-json\/wp\/v2\/product_tag?post=6318"},{"taxonomy":"giftcard-category","embeddable":true,"href":"https:\/\/thingstories.com\/lt\/wp-json\/wp\/v2\/giftcard-category?post=6318"}],"curies":[{"name":"wp","href":"https:\/\/api.w.org\/{rel}","templated":true}]}}