{"id":6301,"date":"2022-08-09T09:43:32","date_gmt":"2022-08-09T09:43:32","guid":{"rendered":"https:\/\/cifras.lt\/thingstories\/?post_type=product&#038;p=6301"},"modified":"2024-07-15T17:01:45","modified_gmt":"2024-07-15T15:01:45","slug":"vidutinio-dydzio-balta-linine-kosmetine","status":"publish","type":"product","link":"https:\/\/thingstories.com\/lt\/lininis-produktas\/vidutinio-dydzio-balta-linine-kosmetine\/","title":{"rendered":"Vidutinio dyd\u017eio balta linin\u0117 kosmetin\u0117"},"content":{"rendered":"","protected":false},"excerpt":{"rendered":"","protected":false},"featured_media":8179,"comment_status":"closed","ping_status":"closed","template":"","meta":{"_acf_changed":false},"product_brand":[],"product_cat":[38,93,470,22],"product_tag":[],"giftcard-category":[],"class_list":{"0":"post-6301","1":"product","2":"type-product","3":"status-publish","4":"has-post-thumbnail","6":"product_cat-linas-kelionems","7":"product_cat-linines-kosmetines","8":"product_cat-patogioms-kelionems","9":"product_cat-visi-produktai","10":"pa_pattern-balta-eglute","11":"pa_pattern-juoda-eglute-lt","12":"pa_pattern-pilka-eglute-lt","14":"first","15":"instock","16":"taxable","17":"shipping-taxable","18":"purchasable","19":"product-type-variable","20":"has-default-attributes"},"acf":[],"yoast_head":"<!-- This site is optimized with the Yoast SEO plugin v27.4 - https:\/\/yoast.com\/product\/yoast-seo-wordpress\/ -->\n<title>Vidutinio dyd\u017eio balta linin\u0117 kosmetin\u0117 | Thing Stories<\/title>\n<meta name=\"description\" content=\"Talpios linin\u0117s kosmetin\u0117s \u017eavi ir kitais privalumais \u2013 kadangi jos siuvamos naudojant auk\u0161\u010diausios kokyb\u0117s lietuvi\u0161ko lino pluo\u0161t\u0105.\" \/>\n<meta name=\"robots\" content=\"index, follow, max-snippet:-1, max-image-preview:large, max-video-preview:-1\" \/>\n<link rel=\"canonical\" href=\"https:\/\/thingstories.com\/lt\/lininis-produktas\/vidutinio-dydzio-balta-linine-kosmetine\/\" \/>\n<meta property=\"og:locale\" content=\"lt_LT\" \/>\n<meta property=\"og:type\" content=\"article\" \/>\n<meta property=\"og:title\" content=\"Vidutinio dyd\u017eio balta linin\u0117 kosmetin\u0117 | Thing Stories\" \/>\n<meta property=\"og:description\" content=\"Talpios linin\u0117s kosmetin\u0117s \u017eavi ir kitais privalumais \u2013 kadangi jos siuvamos naudojant auk\u0161\u010diausios kokyb\u0117s lietuvi\u0161ko lino pluo\u0161t\u0105.\" \/>\n<meta property=\"og:url\" content=\"https:\/\/thingstories.com\/lt\/lininis-produktas\/vidutinio-dydzio-balta-linine-kosmetine\/\" \/>\n<meta property=\"og:site_name\" content=\"Thing Stories\" \/>\n<meta property=\"article:publisher\" content=\"https:\/\/www.facebook.com\/thingstories\" \/>\n<meta property=\"article:modified_time\" content=\"2024-07-15T15:01:45+00:00\" \/>\n<meta property=\"og:image\" content=\"https:\/\/thingstories.com\/wp-admin\/uploads\/og_image.png\" \/>\n\t<meta property=\"og:image:width\" content=\"667\" \/>\n\t<meta property=\"og:image:height\" content=\"1001\" \/>\n\t<meta property=\"og:image:type\" content=\"image\/jpeg\" \/>\n<meta name=\"twitter:card\" content=\"summary_large_image\" \/>\n<meta name=\"twitter:site\" content=\"@Thing_Stories\" \/>\n<meta name=\"twitter:label1\" content=\"Est. reading time\" \/>\n\t<meta name=\"twitter:data1\" content=\"1 minut\u0117\" \/>\n<script type=\"application\/ld+json\" class=\"yoast-schema-graph\">{\"@context\":\"https:\\\/\\\/schema.org\",\"@graph\":[{\"@type\":\"WebPage\",\"@id\":\"https:\\\/\\\/thingstories.com\\\/lt\\\/lininis-produktas\\\/vidutinio-dydzio-balta-linine-kosmetine\\\/\",\"url\":\"https:\\\/\\\/thingstories.com\\\/lt\\\/lininis-produktas\\\/vidutinio-dydzio-balta-linine-kosmetine\\\/\",\"name\":\"Vidutinio dyd\u017eio balta linin\u0117 kosmetin\u0117 | Thing Stories\",\"isPartOf\":{\"@id\":\"https:\\\/\\\/thingstories.com\\\/lt\\\/#website\"},\"primaryImageOfPage\":{\"@id\":\"https:\\\/\\\/thingstories.com\\\/lt\\\/lininis-produktas\\\/vidutinio-dydzio-balta-linine-kosmetine\\\/#primaryimage\"},\"image\":{\"@id\":\"https:\\\/\\\/thingstories.com\\\/lt\\\/lininis-produktas\\\/vidutinio-dydzio-balta-linine-kosmetine\\\/#primaryimage\"},\"thumbnailUrl\":\"https:\\\/\\\/thingstories.com\\\/wp-content\\\/uploads\\\/2022\\\/08\\\/thing-stories-white-natural-linen-cosmetic-bag.jpg\",\"datePublished\":\"2022-08-09T09:43:32+00:00\",\"dateModified\":\"2024-07-15T15:01:45+00:00\",\"description\":\"Talpios linin\u0117s kosmetin\u0117s \u017eavi ir kitais privalumais \u2013 kadangi jos siuvamos naudojant auk\u0161\u010diausios kokyb\u0117s lietuvi\u0161ko lino pluo\u0161t\u0105.\",\"breadcrumb\":{\"@id\":\"https:\\\/\\\/thingstories.com\\\/lt\\\/lininis-produktas\\\/vidutinio-dydzio-balta-linine-kosmetine\\\/#breadcrumb\"},\"inLanguage\":\"lt-LT\",\"potentialAction\":[{\"@type\":\"ReadAction\",\"target\":[\"https:\\\/\\\/thingstories.com\\\/lt\\\/lininis-produktas\\\/vidutinio-dydzio-balta-linine-kosmetine\\\/\"]}]},{\"@type\":\"ImageObject\",\"inLanguage\":\"lt-LT\",\"@id\":\"https:\\\/\\\/thingstories.com\\\/lt\\\/lininis-produktas\\\/vidutinio-dydzio-balta-linine-kosmetine\\\/#primaryimage\",\"url\":\"https:\\\/\\\/thingstories.com\\\/wp-content\\\/uploads\\\/2022\\\/08\\\/thing-stories-white-natural-linen-cosmetic-bag.jpg\",\"contentUrl\":\"https:\\\/\\\/thingstories.com\\\/wp-content\\\/uploads\\\/2022\\\/08\\\/thing-stories-white-natural-linen-cosmetic-bag.jpg\",\"width\":667,\"height\":1001,\"caption\":\"Thing Stories natural linen white make up bag or cosmetic bag for travel with zipper\"},{\"@type\":\"BreadcrumbList\",\"@id\":\"https:\\\/\\\/thingstories.com\\\/lt\\\/lininis-produktas\\\/vidutinio-dydzio-balta-linine-kosmetine\\\/#breadcrumb\",\"itemListElement\":[{\"@type\":\"ListItem\",\"position\":1,\"name\":\"Home\",\"item\":\"https:\\\/\\\/thingstories.com\\\/lt\\\/\"},{\"@type\":\"ListItem\",\"position\":2,\"name\":\"Parduotuv\u0117\",\"item\":\"https:\\\/\\\/thingstories.com\\\/shop-thing-stor\\\/\"},{\"@type\":\"ListItem\",\"position\":3,\"name\":\"Vidutinio dyd\u017eio balta linin\u0117 kosmetin\u0117\"}]},{\"@type\":\"WebSite\",\"@id\":\"https:\\\/\\\/thingstories.com\\\/lt\\\/#website\",\"url\":\"https:\\\/\\\/thingstories.com\\\/lt\\\/\",\"name\":\"Thing Stories\",\"description\":\"Just another WordPress site\",\"publisher\":{\"@id\":\"https:\\\/\\\/thingstories.com\\\/lt\\\/#organization\"},\"potentialAction\":[{\"@type\":\"SearchAction\",\"target\":{\"@type\":\"EntryPoint\",\"urlTemplate\":\"https:\\\/\\\/thingstories.com\\\/lt\\\/?s={search_term_string}\"},\"query-input\":{\"@type\":\"PropertyValueSpecification\",\"valueRequired\":true,\"valueName\":\"search_term_string\"}}],\"inLanguage\":\"lt-LT\"},{\"@type\":\"Organization\",\"@id\":\"https:\\\/\\\/thingstories.com\\\/lt\\\/#organization\",\"name\":\"Thing Stories\",\"url\":\"https:\\\/\\\/thingstories.com\\\/lt\\\/\",\"logo\":{\"@type\":\"ImageObject\",\"inLanguage\":\"lt-LT\",\"@id\":\"https:\\\/\\\/thingstories.com\\\/lt\\\/#\\\/schema\\\/logo\\\/image\\\/\",\"url\":\"https:\\\/\\\/thingstories.com\\\/wp-content\\\/uploads\\\/2023\\\/04\\\/logo.svg\",\"contentUrl\":\"https:\\\/\\\/thingstories.com\\\/wp-content\\\/uploads\\\/2023\\\/04\\\/logo.svg\",\"width\":165,\"height\":48,\"caption\":\"Thing Stories\"},\"image\":{\"@id\":\"https:\\\/\\\/thingstories.com\\\/lt\\\/#\\\/schema\\\/logo\\\/image\\\/\"},\"sameAs\":[\"https:\\\/\\\/www.facebook.com\\\/thingstories\",\"https:\\\/\\\/x.com\\\/Thing_Stories\",\"https:\\\/\\\/www.instagram.com\\\/thing_stories\\\/\",\"https:\\\/\\\/www.pinterest.com\\\/thingstories\\\/\",\"https:\\\/\\\/www.youtube.com\\\/channel\\\/UCpJAGpQV1_ERqXtLvk-M0yA\",\"https:\\\/\\\/www.linkedin.com\\\/company\\\/thing-stories\\\/?viewAsMember=true\"]}]}<\/script>\n<!-- \/ Yoast SEO plugin. -->","yoast_head_json":{"title":"Vidutinio dyd\u017eio balta linin\u0117 kosmetin\u0117 | Thing Stories","description":"Talpios linin\u0117s kosmetin\u0117s \u017eavi ir kitais privalumais \u2013 kadangi jos siuvamos naudojant auk\u0161\u010diausios kokyb\u0117s lietuvi\u0161ko lino pluo\u0161t\u0105.","robots":{"index":"index","follow":"follow","max-snippet":"max-snippet:-1","max-image-preview":"max-image-preview:large","max-video-preview":"max-video-preview:-1"},"canonical":"https:\/\/thingstories.com\/lt\/lininis-produktas\/vidutinio-dydzio-balta-linine-kosmetine\/","og_locale":"lt_LT","og_type":"article","og_title":"Vidutinio dyd\u017eio balta linin\u0117 kosmetin\u0117 | Thing Stories","og_description":"Talpios linin\u0117s kosmetin\u0117s \u017eavi ir kitais privalumais \u2013 kadangi jos siuvamos naudojant auk\u0161\u010diausios kokyb\u0117s lietuvi\u0161ko lino pluo\u0161t\u0105.","og_url":"https:\/\/thingstories.com\/lt\/lininis-produktas\/vidutinio-dydzio-balta-linine-kosmetine\/","og_site_name":"Thing Stories","article_publisher":"https:\/\/www.facebook.com\/thingstories","article_modified_time":"2024-07-15T15:01:45+00:00","og_image":[{"width":667,"height":1001,"url":"https:\/\/thingstories.com\/wp-admin\/uploads\/og_image.png","type":"image\/jpeg"}],"twitter_card":"summary_large_image","twitter_site":"@Thing_Stories","twitter_misc":{"Est. reading time":"1 minut\u0117"},"schema":{"@context":"https:\/\/schema.org","@graph":[{"@type":"WebPage","@id":"https:\/\/thingstories.com\/lt\/lininis-produktas\/vidutinio-dydzio-balta-linine-kosmetine\/","url":"https:\/\/thingstories.com\/lt\/lininis-produktas\/vidutinio-dydzio-balta-linine-kosmetine\/","name":"Vidutinio dyd\u017eio balta linin\u0117 kosmetin\u0117 | Thing Stories","isPartOf":{"@id":"https:\/\/thingstories.com\/lt\/#website"},"primaryImageOfPage":{"@id":"https:\/\/thingstories.com\/lt\/lininis-produktas\/vidutinio-dydzio-balta-linine-kosmetine\/#primaryimage"},"image":{"@id":"https:\/\/thingstories.com\/lt\/lininis-produktas\/vidutinio-dydzio-balta-linine-kosmetine\/#primaryimage"},"thumbnailUrl":"https:\/\/thingstories.com\/wp-content\/uploads\/2022\/08\/thing-stories-white-natural-linen-cosmetic-bag.jpg","datePublished":"2022-08-09T09:43:32+00:00","dateModified":"2024-07-15T15:01:45+00:00","description":"Talpios linin\u0117s kosmetin\u0117s \u017eavi ir kitais privalumais \u2013 kadangi jos siuvamos naudojant auk\u0161\u010diausios kokyb\u0117s lietuvi\u0161ko lino pluo\u0161t\u0105.","breadcrumb":{"@id":"https:\/\/thingstories.com\/lt\/lininis-produktas\/vidutinio-dydzio-balta-linine-kosmetine\/#breadcrumb"},"inLanguage":"lt-LT","potentialAction":[{"@type":"ReadAction","target":["https:\/\/thingstories.com\/lt\/lininis-produktas\/vidutinio-dydzio-balta-linine-kosmetine\/"]}]},{"@type":"ImageObject","inLanguage":"lt-LT","@id":"https:\/\/thingstories.com\/lt\/lininis-produktas\/vidutinio-dydzio-balta-linine-kosmetine\/#primaryimage","url":"https:\/\/thingstories.com\/wp-content\/uploads\/2022\/08\/thing-stories-white-natural-linen-cosmetic-bag.jpg","contentUrl":"https:\/\/thingstories.com\/wp-content\/uploads\/2022\/08\/thing-stories-white-natural-linen-cosmetic-bag.jpg","width":667,"height":1001,"caption":"Thing Stories natural linen white make up bag or cosmetic bag for travel with zipper"},{"@type":"BreadcrumbList","@id":"https:\/\/thingstories.com\/lt\/lininis-produktas\/vidutinio-dydzio-balta-linine-kosmetine\/#breadcrumb","itemListElement":[{"@type":"ListItem","position":1,"name":"Home","item":"https:\/\/thingstories.com\/lt\/"},{"@type":"ListItem","position":2,"name":"Parduotuv\u0117","item":"https:\/\/thingstories.com\/shop-thing-stor\/"},{"@type":"ListItem","position":3,"name":"Vidutinio dyd\u017eio balta linin\u0117 kosmetin\u0117"}]},{"@type":"WebSite","@id":"https:\/\/thingstories.com\/lt\/#website","url":"https:\/\/thingstories.com\/lt\/","name":"Thing Stories","description":"Just another WordPress site","publisher":{"@id":"https:\/\/thingstories.com\/lt\/#organization"},"potentialAction":[{"@type":"SearchAction","target":{"@type":"EntryPoint","urlTemplate":"https:\/\/thingstories.com\/lt\/?s={search_term_string}"},"query-input":{"@type":"PropertyValueSpecification","valueRequired":true,"valueName":"search_term_string"}}],"inLanguage":"lt-LT"},{"@type":"Organization","@id":"https:\/\/thingstories.com\/lt\/#organization","name":"Thing Stories","url":"https:\/\/thingstories.com\/lt\/","logo":{"@type":"ImageObject","inLanguage":"lt-LT","@id":"https:\/\/thingstories.com\/lt\/#\/schema\/logo\/image\/","url":"https:\/\/thingstories.com\/wp-content\/uploads\/2023\/04\/logo.svg","contentUrl":"https:\/\/thingstories.com\/wp-content\/uploads\/2023\/04\/logo.svg","width":165,"height":48,"caption":"Thing Stories"},"image":{"@id":"https:\/\/thingstories.com\/lt\/#\/schema\/logo\/image\/"},"sameAs":["https:\/\/www.facebook.com\/thingstories","https:\/\/x.com\/Thing_Stories","https:\/\/www.instagram.com\/thing_stories\/","https:\/\/www.pinterest.com\/thingstories\/","https:\/\/www.youtube.com\/channel\/UCpJAGpQV1_ERqXtLvk-M0yA","https:\/\/www.linkedin.com\/company\/thing-stories\/?viewAsMember=true"]}]}},"_links":{"self":[{"href":"https:\/\/thingstories.com\/lt\/wp-json\/wp\/v2\/product\/6301","targetHints":{"allow":["GET"]}}],"collection":[{"href":"https:\/\/thingstories.com\/lt\/wp-json\/wp\/v2\/product"}],"about":[{"href":"https:\/\/thingstories.com\/lt\/wp-json\/wp\/v2\/types\/product"}],"replies":[{"embeddable":true,"href":"https:\/\/thingstories.com\/lt\/wp-json\/wp\/v2\/comments?post=6301"}],"wp:featuredmedia":[{"embeddable":true,"href":"https:\/\/thingstories.com\/lt\/wp-json\/wp\/v2\/media\/8179"}],"wp:attachment":[{"href":"https:\/\/thingstories.com\/lt\/wp-json\/wp\/v2\/media?parent=6301"}],"wp:term":[{"taxonomy":"product_brand","embeddable":true,"href":"https:\/\/thingstories.com\/lt\/wp-json\/wp\/v2\/product_brand?post=6301"},{"taxonomy":"product_cat","embeddable":true,"href":"https:\/\/thingstories.com\/lt\/wp-json\/wp\/v2\/product_cat?post=6301"},{"taxonomy":"product_tag","embeddable":true,"href":"https:\/\/thingstories.com\/lt\/wp-json\/wp\/v2\/product_tag?post=6301"},{"taxonomy":"giftcard-category","embeddable":true,"href":"https:\/\/thingstories.com\/lt\/wp-json\/wp\/v2\/giftcard-category?post=6301"}],"curies":[{"name":"wp","href":"https:\/\/api.w.org\/{rel}","templated":true}]}}