{"id":23749,"date":"2024-09-06T17:09:59","date_gmt":"2024-09-06T15:09:59","guid":{"rendered":"https:\/\/thingstories.com\/?post_type=product&#038;p=23749"},"modified":"2024-09-26T15:01:36","modified_gmt":"2024-09-26T13:01:36","slug":"ovali-apskrita-sviesiai-pilka-lino-staltiese","status":"publish","type":"product","link":"https:\/\/thingstories.com\/lt\/lininis-produktas\/ovali-apskrita-sviesiai-pilka-lino-staltiese\/","title":{"rendered":"Ovali, apskrita \u0161viesiai pilka lino stalties\u0117"},"content":{"rendered":"","protected":false},"excerpt":{"rendered":"","protected":false},"featured_media":23679,"comment_status":"closed","ping_status":"closed","template":"","meta":{"_acf_changed":false},"product_brand":[],"product_cat":[90,58,37,22],"product_tag":[866,815],"giftcard-category":[],"class_list":{"0":"post-23749","1":"product","2":"type-product","3":"status-publish","4":"has-post-thumbnail","6":"product_cat-klasikine-sviesiai-pilka","7":"product_cat-linines-staltieses","8":"product_cat-linas-valgomajam","9":"product_cat-visi-produktai","10":"product_tag-apskrita-staltiese","11":"product_tag-ovali-staltiese","12":"pa_color-balta","13":"pa_color-juoda","14":"pa_color-naturalus-linas","15":"pa_color-sviesiai-pilka","16":"pa_tablecloth-size-round-oval-100-cm","17":"pa_tablecloth-size-round-oval-145-cm","18":"pa_tablecloth-size-round-oval-145-x-200-cm","19":"pa_tablecloth-size-round-oval-145-x-250-cm","20":"pa_tablecloth-size-round-oval-145-x-300-cm","21":"pa_tablecloth-size-round-oval-145-x-350-cm","22":"pa_tablecloth-size-round-oval-180-cm","23":"pa_tablecloth-size-round-oval-230-cm","24":"pa_tablecloth-size-round-oval-280-cm","26":"first","27":"instock","28":"taxable","29":"shipping-taxable","30":"purchasable","31":"product-type-variable","32":"has-default-attributes"},"acf":[],"yoast_head":"<!-- This site is optimized with the Yoast SEO plugin v27.4 - https:\/\/yoast.com\/product\/yoast-seo-wordpress\/ -->\n<title>Ovali, apskrita \u0161viesiai pilka lino stalties\u0117 | Thing Stories<\/title>\n<meta name=\"description\" content=\"\u0160viesiai pilkos spalvos linin\u0117s stalties\u0117s yra prakti\u0161kas pasirinkimas tiek j\u016bs\u0173 valgomojo, tiek terasos stalui, o taip pat ir Kal\u0117doms, vestuv\u0117ms.\" \/>\n<meta name=\"robots\" content=\"index, follow, max-snippet:-1, max-image-preview:large, max-video-preview:-1\" \/>\n<link rel=\"canonical\" href=\"https:\/\/thingstories.com\/lt\/lininis-produktas\/ovali-apskrita-sviesiai-pilka-lino-staltiese\/\" \/>\n<meta property=\"og:locale\" content=\"lt_LT\" \/>\n<meta property=\"og:type\" content=\"article\" \/>\n<meta property=\"og:title\" content=\"Ovali, apskrita \u0161viesiai pilka lino stalties\u0117 | Thing Stories\" \/>\n<meta property=\"og:description\" content=\"\u0160viesiai pilkos spalvos linin\u0117s stalties\u0117s yra prakti\u0161kas pasirinkimas tiek j\u016bs\u0173 valgomojo, tiek terasos stalui, o taip pat ir Kal\u0117doms, vestuv\u0117ms.\" \/>\n<meta property=\"og:url\" content=\"https:\/\/thingstories.com\/lt\/lininis-produktas\/ovali-apskrita-sviesiai-pilka-lino-staltiese\/\" \/>\n<meta property=\"og:site_name\" content=\"Thing Stories\" \/>\n<meta property=\"article:publisher\" content=\"https:\/\/www.facebook.com\/thingstories\" \/>\n<meta property=\"article:modified_time\" content=\"2024-09-26T13:01:36+00:00\" \/>\n<meta property=\"og:image\" content=\"https:\/\/thingstories.com\/wp-admin\/uploads\/og_image.png\" \/>\n\t<meta property=\"og:image:width\" content=\"667\" \/>\n\t<meta property=\"og:image:height\" content=\"1000\" \/>\n\t<meta property=\"og:image:type\" content=\"image\/jpeg\" \/>\n<meta name=\"twitter:card\" content=\"summary_large_image\" \/>\n<meta name=\"twitter:site\" content=\"@Thing_Stories\" \/>\n<meta name=\"twitter:label1\" content=\"Est. reading time\" \/>\n\t<meta name=\"twitter:data1\" content=\"1 minut\u0117\" \/>\n<script type=\"application\/ld+json\" class=\"yoast-schema-graph\">{\"@context\":\"https:\\\/\\\/schema.org\",\"@graph\":[{\"@type\":\"WebPage\",\"@id\":\"https:\\\/\\\/thingstories.com\\\/lt\\\/lininis-produktas\\\/ovali-apskrita-sviesiai-pilka-lino-staltiese\\\/\",\"url\":\"https:\\\/\\\/thingstories.com\\\/lt\\\/lininis-produktas\\\/ovali-apskrita-sviesiai-pilka-lino-staltiese\\\/\",\"name\":\"Ovali, apskrita \u0161viesiai pilka lino stalties\u0117 | Thing Stories\",\"isPartOf\":{\"@id\":\"https:\\\/\\\/thingstories.com\\\/lt\\\/#website\"},\"primaryImageOfPage\":{\"@id\":\"https:\\\/\\\/thingstories.com\\\/lt\\\/lininis-produktas\\\/ovali-apskrita-sviesiai-pilka-lino-staltiese\\\/#primaryimage\"},\"image\":{\"@id\":\"https:\\\/\\\/thingstories.com\\\/lt\\\/lininis-produktas\\\/ovali-apskrita-sviesiai-pilka-lino-staltiese\\\/#primaryimage\"},\"thumbnailUrl\":\"https:\\\/\\\/thingstories.com\\\/wp-content\\\/uploads\\\/2024\\\/09\\\/THING-STORIES-light-grey-natural-linen-table-cloth-tablecloth-round-oval-ding-Christmas-holiday_03.jpg\",\"datePublished\":\"2024-09-06T15:09:59+00:00\",\"dateModified\":\"2024-09-26T13:01:36+00:00\",\"description\":\"\u0160viesiai pilkos spalvos linin\u0117s stalties\u0117s yra prakti\u0161kas pasirinkimas tiek j\u016bs\u0173 valgomojo, tiek terasos stalui, o taip pat ir Kal\u0117doms, vestuv\u0117ms.\",\"breadcrumb\":{\"@id\":\"https:\\\/\\\/thingstories.com\\\/lt\\\/lininis-produktas\\\/ovali-apskrita-sviesiai-pilka-lino-staltiese\\\/#breadcrumb\"},\"inLanguage\":\"lt-LT\",\"potentialAction\":[{\"@type\":\"ReadAction\",\"target\":[\"https:\\\/\\\/thingstories.com\\\/lt\\\/lininis-produktas\\\/ovali-apskrita-sviesiai-pilka-lino-staltiese\\\/\"]}]},{\"@type\":\"ImageObject\",\"inLanguage\":\"lt-LT\",\"@id\":\"https:\\\/\\\/thingstories.com\\\/lt\\\/lininis-produktas\\\/ovali-apskrita-sviesiai-pilka-lino-staltiese\\\/#primaryimage\",\"url\":\"https:\\\/\\\/thingstories.com\\\/wp-content\\\/uploads\\\/2024\\\/09\\\/THING-STORIES-light-grey-natural-linen-table-cloth-tablecloth-round-oval-ding-Christmas-holiday_03.jpg\",\"contentUrl\":\"https:\\\/\\\/thingstories.com\\\/wp-content\\\/uploads\\\/2024\\\/09\\\/THING-STORIES-light-grey-natural-linen-table-cloth-tablecloth-round-oval-ding-Christmas-holiday_03.jpg\",\"width\":667,\"height\":1000},{\"@type\":\"BreadcrumbList\",\"@id\":\"https:\\\/\\\/thingstories.com\\\/lt\\\/lininis-produktas\\\/ovali-apskrita-sviesiai-pilka-lino-staltiese\\\/#breadcrumb\",\"itemListElement\":[{\"@type\":\"ListItem\",\"position\":1,\"name\":\"Home\",\"item\":\"https:\\\/\\\/thingstories.com\\\/lt\\\/\"},{\"@type\":\"ListItem\",\"position\":2,\"name\":\"Parduotuv\u0117\",\"item\":\"https:\\\/\\\/thingstories.com\\\/shop-thing-stor\\\/\"},{\"@type\":\"ListItem\",\"position\":3,\"name\":\"Ovali, apskrita \u0161viesiai pilka lino stalties\u0117\"}]},{\"@type\":\"WebSite\",\"@id\":\"https:\\\/\\\/thingstories.com\\\/lt\\\/#website\",\"url\":\"https:\\\/\\\/thingstories.com\\\/lt\\\/\",\"name\":\"Thing Stories\",\"description\":\"Just another WordPress site\",\"publisher\":{\"@id\":\"https:\\\/\\\/thingstories.com\\\/lt\\\/#organization\"},\"potentialAction\":[{\"@type\":\"SearchAction\",\"target\":{\"@type\":\"EntryPoint\",\"urlTemplate\":\"https:\\\/\\\/thingstories.com\\\/lt\\\/?s={search_term_string}\"},\"query-input\":{\"@type\":\"PropertyValueSpecification\",\"valueRequired\":true,\"valueName\":\"search_term_string\"}}],\"inLanguage\":\"lt-LT\"},{\"@type\":\"Organization\",\"@id\":\"https:\\\/\\\/thingstories.com\\\/lt\\\/#organization\",\"name\":\"Thing Stories\",\"url\":\"https:\\\/\\\/thingstories.com\\\/lt\\\/\",\"logo\":{\"@type\":\"ImageObject\",\"inLanguage\":\"lt-LT\",\"@id\":\"https:\\\/\\\/thingstories.com\\\/lt\\\/#\\\/schema\\\/logo\\\/image\\\/\",\"url\":\"https:\\\/\\\/thingstories.com\\\/wp-content\\\/uploads\\\/2023\\\/04\\\/logo.svg\",\"contentUrl\":\"https:\\\/\\\/thingstories.com\\\/wp-content\\\/uploads\\\/2023\\\/04\\\/logo.svg\",\"width\":165,\"height\":48,\"caption\":\"Thing Stories\"},\"image\":{\"@id\":\"https:\\\/\\\/thingstories.com\\\/lt\\\/#\\\/schema\\\/logo\\\/image\\\/\"},\"sameAs\":[\"https:\\\/\\\/www.facebook.com\\\/thingstories\",\"https:\\\/\\\/x.com\\\/Thing_Stories\",\"https:\\\/\\\/www.instagram.com\\\/thing_stories\\\/\",\"https:\\\/\\\/www.pinterest.com\\\/thingstories\\\/\",\"https:\\\/\\\/www.youtube.com\\\/channel\\\/UCpJAGpQV1_ERqXtLvk-M0yA\",\"https:\\\/\\\/www.linkedin.com\\\/company\\\/thing-stories\\\/?viewAsMember=true\"]}]}<\/script>\n<!-- \/ Yoast SEO plugin. -->","yoast_head_json":{"title":"Ovali, apskrita \u0161viesiai pilka lino stalties\u0117 | Thing Stories","description":"\u0160viesiai pilkos spalvos linin\u0117s stalties\u0117s yra prakti\u0161kas pasirinkimas tiek j\u016bs\u0173 valgomojo, tiek terasos stalui, o taip pat ir Kal\u0117doms, vestuv\u0117ms.","robots":{"index":"index","follow":"follow","max-snippet":"max-snippet:-1","max-image-preview":"max-image-preview:large","max-video-preview":"max-video-preview:-1"},"canonical":"https:\/\/thingstories.com\/lt\/lininis-produktas\/ovali-apskrita-sviesiai-pilka-lino-staltiese\/","og_locale":"lt_LT","og_type":"article","og_title":"Ovali, apskrita \u0161viesiai pilka lino stalties\u0117 | Thing Stories","og_description":"\u0160viesiai pilkos spalvos linin\u0117s stalties\u0117s yra prakti\u0161kas pasirinkimas tiek j\u016bs\u0173 valgomojo, tiek terasos stalui, o taip pat ir Kal\u0117doms, vestuv\u0117ms.","og_url":"https:\/\/thingstories.com\/lt\/lininis-produktas\/ovali-apskrita-sviesiai-pilka-lino-staltiese\/","og_site_name":"Thing Stories","article_publisher":"https:\/\/www.facebook.com\/thingstories","article_modified_time":"2024-09-26T13:01:36+00:00","og_image":[{"width":667,"height":1000,"url":"https:\/\/thingstories.com\/wp-admin\/uploads\/og_image.png","type":"image\/jpeg"}],"twitter_card":"summary_large_image","twitter_site":"@Thing_Stories","twitter_misc":{"Est. reading time":"1 minut\u0117"},"schema":{"@context":"https:\/\/schema.org","@graph":[{"@type":"WebPage","@id":"https:\/\/thingstories.com\/lt\/lininis-produktas\/ovali-apskrita-sviesiai-pilka-lino-staltiese\/","url":"https:\/\/thingstories.com\/lt\/lininis-produktas\/ovali-apskrita-sviesiai-pilka-lino-staltiese\/","name":"Ovali, apskrita \u0161viesiai pilka lino stalties\u0117 | Thing Stories","isPartOf":{"@id":"https:\/\/thingstories.com\/lt\/#website"},"primaryImageOfPage":{"@id":"https:\/\/thingstories.com\/lt\/lininis-produktas\/ovali-apskrita-sviesiai-pilka-lino-staltiese\/#primaryimage"},"image":{"@id":"https:\/\/thingstories.com\/lt\/lininis-produktas\/ovali-apskrita-sviesiai-pilka-lino-staltiese\/#primaryimage"},"thumbnailUrl":"https:\/\/thingstories.com\/wp-content\/uploads\/2024\/09\/THING-STORIES-light-grey-natural-linen-table-cloth-tablecloth-round-oval-ding-Christmas-holiday_03.jpg","datePublished":"2024-09-06T15:09:59+00:00","dateModified":"2024-09-26T13:01:36+00:00","description":"\u0160viesiai pilkos spalvos linin\u0117s stalties\u0117s yra prakti\u0161kas pasirinkimas tiek j\u016bs\u0173 valgomojo, tiek terasos stalui, o taip pat ir Kal\u0117doms, vestuv\u0117ms.","breadcrumb":{"@id":"https:\/\/thingstories.com\/lt\/lininis-produktas\/ovali-apskrita-sviesiai-pilka-lino-staltiese\/#breadcrumb"},"inLanguage":"lt-LT","potentialAction":[{"@type":"ReadAction","target":["https:\/\/thingstories.com\/lt\/lininis-produktas\/ovali-apskrita-sviesiai-pilka-lino-staltiese\/"]}]},{"@type":"ImageObject","inLanguage":"lt-LT","@id":"https:\/\/thingstories.com\/lt\/lininis-produktas\/ovali-apskrita-sviesiai-pilka-lino-staltiese\/#primaryimage","url":"https:\/\/thingstories.com\/wp-content\/uploads\/2024\/09\/THING-STORIES-light-grey-natural-linen-table-cloth-tablecloth-round-oval-ding-Christmas-holiday_03.jpg","contentUrl":"https:\/\/thingstories.com\/wp-content\/uploads\/2024\/09\/THING-STORIES-light-grey-natural-linen-table-cloth-tablecloth-round-oval-ding-Christmas-holiday_03.jpg","width":667,"height":1000},{"@type":"BreadcrumbList","@id":"https:\/\/thingstories.com\/lt\/lininis-produktas\/ovali-apskrita-sviesiai-pilka-lino-staltiese\/#breadcrumb","itemListElement":[{"@type":"ListItem","position":1,"name":"Home","item":"https:\/\/thingstories.com\/lt\/"},{"@type":"ListItem","position":2,"name":"Parduotuv\u0117","item":"https:\/\/thingstories.com\/shop-thing-stor\/"},{"@type":"ListItem","position":3,"name":"Ovali, apskrita \u0161viesiai pilka lino stalties\u0117"}]},{"@type":"WebSite","@id":"https:\/\/thingstories.com\/lt\/#website","url":"https:\/\/thingstories.com\/lt\/","name":"Thing Stories","description":"Just another WordPress site","publisher":{"@id":"https:\/\/thingstories.com\/lt\/#organization"},"potentialAction":[{"@type":"SearchAction","target":{"@type":"EntryPoint","urlTemplate":"https:\/\/thingstories.com\/lt\/?s={search_term_string}"},"query-input":{"@type":"PropertyValueSpecification","valueRequired":true,"valueName":"search_term_string"}}],"inLanguage":"lt-LT"},{"@type":"Organization","@id":"https:\/\/thingstories.com\/lt\/#organization","name":"Thing Stories","url":"https:\/\/thingstories.com\/lt\/","logo":{"@type":"ImageObject","inLanguage":"lt-LT","@id":"https:\/\/thingstories.com\/lt\/#\/schema\/logo\/image\/","url":"https:\/\/thingstories.com\/wp-content\/uploads\/2023\/04\/logo.svg","contentUrl":"https:\/\/thingstories.com\/wp-content\/uploads\/2023\/04\/logo.svg","width":165,"height":48,"caption":"Thing Stories"},"image":{"@id":"https:\/\/thingstories.com\/lt\/#\/schema\/logo\/image\/"},"sameAs":["https:\/\/www.facebook.com\/thingstories","https:\/\/x.com\/Thing_Stories","https:\/\/www.instagram.com\/thing_stories\/","https:\/\/www.pinterest.com\/thingstories\/","https:\/\/www.youtube.com\/channel\/UCpJAGpQV1_ERqXtLvk-M0yA","https:\/\/www.linkedin.com\/company\/thing-stories\/?viewAsMember=true"]}]}},"_links":{"self":[{"href":"https:\/\/thingstories.com\/lt\/wp-json\/wp\/v2\/product\/23749","targetHints":{"allow":["GET"]}}],"collection":[{"href":"https:\/\/thingstories.com\/lt\/wp-json\/wp\/v2\/product"}],"about":[{"href":"https:\/\/thingstories.com\/lt\/wp-json\/wp\/v2\/types\/product"}],"replies":[{"embeddable":true,"href":"https:\/\/thingstories.com\/lt\/wp-json\/wp\/v2\/comments?post=23749"}],"wp:featuredmedia":[{"embeddable":true,"href":"https:\/\/thingstories.com\/lt\/wp-json\/wp\/v2\/media\/23679"}],"wp:attachment":[{"href":"https:\/\/thingstories.com\/lt\/wp-json\/wp\/v2\/media?parent=23749"}],"wp:term":[{"taxonomy":"product_brand","embeddable":true,"href":"https:\/\/thingstories.com\/lt\/wp-json\/wp\/v2\/product_brand?post=23749"},{"taxonomy":"product_cat","embeddable":true,"href":"https:\/\/thingstories.com\/lt\/wp-json\/wp\/v2\/product_cat?post=23749"},{"taxonomy":"product_tag","embeddable":true,"href":"https:\/\/thingstories.com\/lt\/wp-json\/wp\/v2\/product_tag?post=23749"},{"taxonomy":"giftcard-category","embeddable":true,"href":"https:\/\/thingstories.com\/lt\/wp-json\/wp\/v2\/giftcard-category?post=23749"}],"curies":[{"name":"wp","href":"https:\/\/api.w.org\/{rel}","templated":true}]}}