{"id":12669,"date":"2022-05-26T08:07:18","date_gmt":"2023-02-28T07:24:47","guid":{"rendered":"https:\/\/cifras.lt\/thingstories\/?post_type=product&#038;p=12669"},"modified":"2026-03-17T00:00:47","modified_gmt":"2026-03-16T22:00:47","slug":"juoda-linine-servetele","status":"publish","type":"product","link":"https:\/\/thingstories.com\/lt\/lininis-produktas\/juoda-linine-servetele\/","title":{"rendered":"Juoda linin\u0117 servet\u0117l\u0117"},"content":{"rendered":"","protected":false},"excerpt":{"rendered":"","protected":false},"featured_media":7608,"comment_status":"closed","ping_status":"closed","template":"","meta":{"_acf_changed":false},"product_brand":[],"product_cat":[91,80,37,22],"product_tag":[],"giftcard-category":[],"class_list":{"0":"post-12669","1":"product","2":"type-product","3":"status-publish","4":"has-post-thumbnail","6":"product_cat-rafinuota-juoda","7":"product_cat-linines-serveteles","8":"product_cat-linas-valgomajam","9":"product_cat-visi-produktai","10":"pa_color-balta","11":"pa_color-juoda","12":"pa_color-naturalus-linas","13":"pa_color-sviesiai-pilka","14":"pa_set-of-770","15":"pa_set-of-769","16":"pa_set-of-771","17":"pa_set-of-772","18":"pa_set-of-773","19":"pa_set-of-774","20":"pa_set-of-775","21":"pa_set-of-776","22":"pa_set-of-777","23":"pa_set-of-778","24":"pa_set-of-779","26":"first","27":"instock","28":"taxable","29":"shipping-taxable","30":"purchasable","31":"product-type-variable","32":"has-default-attributes"},"acf":[],"yoast_head":"<!-- This site is optimized with the Yoast SEO plugin v27.4 - https:\/\/yoast.com\/product\/yoast-seo-wordpress\/ -->\n<title>Juoda linin\u0117 servet\u0117l\u0117 | Thing Stories<\/title>\n<meta name=\"description\" content=\"Norisi, jog stalo dekoracijos b\u016bt\u0173 paprastos, ta\u010diau tuo pa\u010diu tur\u0117t\u0173 elegancijos akcent\u0105? Juoda linin\u0117 servet\u0117l\u0117 pad\u0117s sukurti pageidaujam\u0105 atmosfer\u0105.\" \/>\n<meta name=\"robots\" content=\"index, follow, max-snippet:-1, max-image-preview:large, max-video-preview:-1\" \/>\n<link rel=\"canonical\" href=\"https:\/\/thingstories.com\/lininis-produktas\/black-linen-napkins\/\" \/>\n<meta property=\"og:locale\" content=\"lt_LT\" \/>\n<meta property=\"og:type\" content=\"article\" \/>\n<meta property=\"og:title\" content=\"Juoda linin\u0117 servet\u0117l\u0117 | Thing Stories\" \/>\n<meta property=\"og:description\" content=\"Norisi, jog stalo dekoracijos b\u016bt\u0173 paprastos, ta\u010diau tuo pa\u010diu tur\u0117t\u0173 elegancijos akcent\u0105? Juoda linin\u0117 servet\u0117l\u0117 pad\u0117s sukurti pageidaujam\u0105 atmosfer\u0105.\" \/>\n<meta property=\"og:url\" content=\"https:\/\/thingstories.com\/lininis-produktas\/black-linen-napkins\/\" \/>\n<meta property=\"og:site_name\" content=\"Thing Stories\" \/>\n<meta property=\"article:publisher\" content=\"https:\/\/www.facebook.com\/thingstories\" \/>\n<meta property=\"article:modified_time\" content=\"2026-03-16T22:00:47+00:00\" \/>\n<meta property=\"og:image\" content=\"https:\/\/thingstories.com\/wp-admin\/uploads\/og_image.png\" \/>\n\t<meta property=\"og:image:width\" content=\"900\" \/>\n\t<meta property=\"og:image:height\" content=\"1350\" \/>\n\t<meta property=\"og:image:type\" content=\"image\/jpeg\" \/>\n<meta name=\"twitter:card\" content=\"summary_large_image\" \/>\n<meta name=\"twitter:site\" content=\"@Thing_Stories\" \/>\n<meta name=\"twitter:label1\" content=\"Est. reading time\" \/>\n\t<meta name=\"twitter:data1\" content=\"1 minut\u0117\" \/>\n<script type=\"application\/ld+json\" class=\"yoast-schema-graph\">{\"@context\":\"https:\\\/\\\/schema.org\",\"@graph\":[{\"@type\":\"WebPage\",\"@id\":\"https:\\\/\\\/thingstories.com\\\/lininis-produktas\\\/black-linen-napkins\\\/\",\"url\":\"https:\\\/\\\/thingstories.com\\\/lininis-produktas\\\/black-linen-napkins\\\/\",\"name\":\"Juoda linin\u0117 servet\u0117l\u0117 | Thing Stories\",\"isPartOf\":{\"@id\":\"https:\\\/\\\/thingstories.com\\\/lt\\\/#website\"},\"primaryImageOfPage\":{\"@id\":\"https:\\\/\\\/thingstories.com\\\/lininis-produktas\\\/black-linen-napkins\\\/#primaryimage\"},\"image\":{\"@id\":\"https:\\\/\\\/thingstories.com\\\/lininis-produktas\\\/black-linen-napkins\\\/#primaryimage\"},\"thumbnailUrl\":\"https:\\\/\\\/thingstories.com\\\/wp-content\\\/uploads\\\/2022\\\/07\\\/0001-Thing-Stories-natural-linen-napkins-table-cloths-set-ecofriendly-home-decor-rustic-minimalist-organ.jpg\",\"datePublished\":\"2023-02-28T07:24:47+00:00\",\"dateModified\":\"2026-03-16T22:00:47+00:00\",\"description\":\"Norisi, jog stalo dekoracijos b\u016bt\u0173 paprastos, ta\u010diau tuo pa\u010diu tur\u0117t\u0173 elegancijos akcent\u0105? Juoda linin\u0117 servet\u0117l\u0117 pad\u0117s sukurti pageidaujam\u0105 atmosfer\u0105.\",\"breadcrumb\":{\"@id\":\"https:\\\/\\\/thingstories.com\\\/lininis-produktas\\\/black-linen-napkins\\\/#breadcrumb\"},\"inLanguage\":\"lt-LT\",\"potentialAction\":[{\"@type\":\"ReadAction\",\"target\":[\"https:\\\/\\\/thingstories.com\\\/lininis-produktas\\\/black-linen-napkins\\\/\"]}]},{\"@type\":\"ImageObject\",\"inLanguage\":\"lt-LT\",\"@id\":\"https:\\\/\\\/thingstories.com\\\/lininis-produktas\\\/black-linen-napkins\\\/#primaryimage\",\"url\":\"https:\\\/\\\/thingstories.com\\\/wp-content\\\/uploads\\\/2022\\\/07\\\/0001-Thing-Stories-natural-linen-napkins-table-cloths-set-ecofriendly-home-decor-rustic-minimalist-organ.jpg\",\"contentUrl\":\"https:\\\/\\\/thingstories.com\\\/wp-content\\\/uploads\\\/2022\\\/07\\\/0001-Thing-Stories-natural-linen-napkins-table-cloths-set-ecofriendly-home-decor-rustic-minimalist-organ.jpg\",\"width\":900,\"height\":1350},{\"@type\":\"BreadcrumbList\",\"@id\":\"https:\\\/\\\/thingstories.com\\\/lininis-produktas\\\/black-linen-napkins\\\/#breadcrumb\",\"itemListElement\":[{\"@type\":\"ListItem\",\"position\":1,\"name\":\"Home\",\"item\":\"https:\\\/\\\/thingstories.com\\\/lt\\\/\"},{\"@type\":\"ListItem\",\"position\":2,\"name\":\"Parduotuv\u0117\",\"item\":\"https:\\\/\\\/thingstories.com\\\/shop-thing-stor\\\/\"},{\"@type\":\"ListItem\",\"position\":3,\"name\":\"Juoda linin\u0117 servet\u0117l\u0117\"}]},{\"@type\":\"WebSite\",\"@id\":\"https:\\\/\\\/thingstories.com\\\/lt\\\/#website\",\"url\":\"https:\\\/\\\/thingstories.com\\\/lt\\\/\",\"name\":\"Thing Stories\",\"description\":\"Just another WordPress site\",\"publisher\":{\"@id\":\"https:\\\/\\\/thingstories.com\\\/lt\\\/#organization\"},\"potentialAction\":[{\"@type\":\"SearchAction\",\"target\":{\"@type\":\"EntryPoint\",\"urlTemplate\":\"https:\\\/\\\/thingstories.com\\\/lt\\\/?s={search_term_string}\"},\"query-input\":{\"@type\":\"PropertyValueSpecification\",\"valueRequired\":true,\"valueName\":\"search_term_string\"}}],\"inLanguage\":\"lt-LT\"},{\"@type\":\"Organization\",\"@id\":\"https:\\\/\\\/thingstories.com\\\/lt\\\/#organization\",\"name\":\"Thing Stories\",\"url\":\"https:\\\/\\\/thingstories.com\\\/lt\\\/\",\"logo\":{\"@type\":\"ImageObject\",\"inLanguage\":\"lt-LT\",\"@id\":\"https:\\\/\\\/thingstories.com\\\/lt\\\/#\\\/schema\\\/logo\\\/image\\\/\",\"url\":\"https:\\\/\\\/thingstories.com\\\/wp-content\\\/uploads\\\/2023\\\/04\\\/logo.svg\",\"contentUrl\":\"https:\\\/\\\/thingstories.com\\\/wp-content\\\/uploads\\\/2023\\\/04\\\/logo.svg\",\"width\":165,\"height\":48,\"caption\":\"Thing Stories\"},\"image\":{\"@id\":\"https:\\\/\\\/thingstories.com\\\/lt\\\/#\\\/schema\\\/logo\\\/image\\\/\"},\"sameAs\":[\"https:\\\/\\\/www.facebook.com\\\/thingstories\",\"https:\\\/\\\/x.com\\\/Thing_Stories\",\"https:\\\/\\\/www.instagram.com\\\/thing_stories\\\/\",\"https:\\\/\\\/www.pinterest.com\\\/thingstories\\\/\",\"https:\\\/\\\/www.youtube.com\\\/channel\\\/UCpJAGpQV1_ERqXtLvk-M0yA\",\"https:\\\/\\\/www.linkedin.com\\\/company\\\/thing-stories\\\/?viewAsMember=true\"]}]}<\/script>\n<!-- \/ Yoast SEO plugin. -->","yoast_head_json":{"title":"Juoda linin\u0117 servet\u0117l\u0117 | Thing Stories","description":"Norisi, jog stalo dekoracijos b\u016bt\u0173 paprastos, ta\u010diau tuo pa\u010diu tur\u0117t\u0173 elegancijos akcent\u0105? Juoda linin\u0117 servet\u0117l\u0117 pad\u0117s sukurti pageidaujam\u0105 atmosfer\u0105.","robots":{"index":"index","follow":"follow","max-snippet":"max-snippet:-1","max-image-preview":"max-image-preview:large","max-video-preview":"max-video-preview:-1"},"canonical":"https:\/\/thingstories.com\/lininis-produktas\/black-linen-napkins\/","og_locale":"lt_LT","og_type":"article","og_title":"Juoda linin\u0117 servet\u0117l\u0117 | Thing Stories","og_description":"Norisi, jog stalo dekoracijos b\u016bt\u0173 paprastos, ta\u010diau tuo pa\u010diu tur\u0117t\u0173 elegancijos akcent\u0105? Juoda linin\u0117 servet\u0117l\u0117 pad\u0117s sukurti pageidaujam\u0105 atmosfer\u0105.","og_url":"https:\/\/thingstories.com\/lininis-produktas\/black-linen-napkins\/","og_site_name":"Thing Stories","article_publisher":"https:\/\/www.facebook.com\/thingstories","article_modified_time":"2026-03-16T22:00:47+00:00","og_image":[{"width":900,"height":1350,"url":"https:\/\/thingstories.com\/wp-admin\/uploads\/og_image.png","type":"image\/jpeg"}],"twitter_card":"summary_large_image","twitter_site":"@Thing_Stories","twitter_misc":{"Est. reading time":"1 minut\u0117"},"schema":{"@context":"https:\/\/schema.org","@graph":[{"@type":"WebPage","@id":"https:\/\/thingstories.com\/lininis-produktas\/black-linen-napkins\/","url":"https:\/\/thingstories.com\/lininis-produktas\/black-linen-napkins\/","name":"Juoda linin\u0117 servet\u0117l\u0117 | Thing Stories","isPartOf":{"@id":"https:\/\/thingstories.com\/lt\/#website"},"primaryImageOfPage":{"@id":"https:\/\/thingstories.com\/lininis-produktas\/black-linen-napkins\/#primaryimage"},"image":{"@id":"https:\/\/thingstories.com\/lininis-produktas\/black-linen-napkins\/#primaryimage"},"thumbnailUrl":"https:\/\/thingstories.com\/wp-content\/uploads\/2022\/07\/0001-Thing-Stories-natural-linen-napkins-table-cloths-set-ecofriendly-home-decor-rustic-minimalist-organ.jpg","datePublished":"2023-02-28T07:24:47+00:00","dateModified":"2026-03-16T22:00:47+00:00","description":"Norisi, jog stalo dekoracijos b\u016bt\u0173 paprastos, ta\u010diau tuo pa\u010diu tur\u0117t\u0173 elegancijos akcent\u0105? Juoda linin\u0117 servet\u0117l\u0117 pad\u0117s sukurti pageidaujam\u0105 atmosfer\u0105.","breadcrumb":{"@id":"https:\/\/thingstories.com\/lininis-produktas\/black-linen-napkins\/#breadcrumb"},"inLanguage":"lt-LT","potentialAction":[{"@type":"ReadAction","target":["https:\/\/thingstories.com\/lininis-produktas\/black-linen-napkins\/"]}]},{"@type":"ImageObject","inLanguage":"lt-LT","@id":"https:\/\/thingstories.com\/lininis-produktas\/black-linen-napkins\/#primaryimage","url":"https:\/\/thingstories.com\/wp-content\/uploads\/2022\/07\/0001-Thing-Stories-natural-linen-napkins-table-cloths-set-ecofriendly-home-decor-rustic-minimalist-organ.jpg","contentUrl":"https:\/\/thingstories.com\/wp-content\/uploads\/2022\/07\/0001-Thing-Stories-natural-linen-napkins-table-cloths-set-ecofriendly-home-decor-rustic-minimalist-organ.jpg","width":900,"height":1350},{"@type":"BreadcrumbList","@id":"https:\/\/thingstories.com\/lininis-produktas\/black-linen-napkins\/#breadcrumb","itemListElement":[{"@type":"ListItem","position":1,"name":"Home","item":"https:\/\/thingstories.com\/lt\/"},{"@type":"ListItem","position":2,"name":"Parduotuv\u0117","item":"https:\/\/thingstories.com\/shop-thing-stor\/"},{"@type":"ListItem","position":3,"name":"Juoda linin\u0117 servet\u0117l\u0117"}]},{"@type":"WebSite","@id":"https:\/\/thingstories.com\/lt\/#website","url":"https:\/\/thingstories.com\/lt\/","name":"Thing Stories","description":"Just another WordPress site","publisher":{"@id":"https:\/\/thingstories.com\/lt\/#organization"},"potentialAction":[{"@type":"SearchAction","target":{"@type":"EntryPoint","urlTemplate":"https:\/\/thingstories.com\/lt\/?s={search_term_string}"},"query-input":{"@type":"PropertyValueSpecification","valueRequired":true,"valueName":"search_term_string"}}],"inLanguage":"lt-LT"},{"@type":"Organization","@id":"https:\/\/thingstories.com\/lt\/#organization","name":"Thing Stories","url":"https:\/\/thingstories.com\/lt\/","logo":{"@type":"ImageObject","inLanguage":"lt-LT","@id":"https:\/\/thingstories.com\/lt\/#\/schema\/logo\/image\/","url":"https:\/\/thingstories.com\/wp-content\/uploads\/2023\/04\/logo.svg","contentUrl":"https:\/\/thingstories.com\/wp-content\/uploads\/2023\/04\/logo.svg","width":165,"height":48,"caption":"Thing Stories"},"image":{"@id":"https:\/\/thingstories.com\/lt\/#\/schema\/logo\/image\/"},"sameAs":["https:\/\/www.facebook.com\/thingstories","https:\/\/x.com\/Thing_Stories","https:\/\/www.instagram.com\/thing_stories\/","https:\/\/www.pinterest.com\/thingstories\/","https:\/\/www.youtube.com\/channel\/UCpJAGpQV1_ERqXtLvk-M0yA","https:\/\/www.linkedin.com\/company\/thing-stories\/?viewAsMember=true"]}]}},"_links":{"self":[{"href":"https:\/\/thingstories.com\/lt\/wp-json\/wp\/v2\/product\/12669","targetHints":{"allow":["GET"]}}],"collection":[{"href":"https:\/\/thingstories.com\/lt\/wp-json\/wp\/v2\/product"}],"about":[{"href":"https:\/\/thingstories.com\/lt\/wp-json\/wp\/v2\/types\/product"}],"replies":[{"embeddable":true,"href":"https:\/\/thingstories.com\/lt\/wp-json\/wp\/v2\/comments?post=12669"}],"wp:featuredmedia":[{"embeddable":true,"href":"https:\/\/thingstories.com\/lt\/wp-json\/wp\/v2\/media\/7608"}],"wp:attachment":[{"href":"https:\/\/thingstories.com\/lt\/wp-json\/wp\/v2\/media?parent=12669"}],"wp:term":[{"taxonomy":"product_brand","embeddable":true,"href":"https:\/\/thingstories.com\/lt\/wp-json\/wp\/v2\/product_brand?post=12669"},{"taxonomy":"product_cat","embeddable":true,"href":"https:\/\/thingstories.com\/lt\/wp-json\/wp\/v2\/product_cat?post=12669"},{"taxonomy":"product_tag","embeddable":true,"href":"https:\/\/thingstories.com\/lt\/wp-json\/wp\/v2\/product_tag?post=12669"},{"taxonomy":"giftcard-category","embeddable":true,"href":"https:\/\/thingstories.com\/lt\/wp-json\/wp\/v2\/giftcard-category?post=12669"}],"curies":[{"name":"wp","href":"https:\/\/api.w.org\/{rel}","templated":true}]}}