{"id":10333,"date":"2023-02-20T07:42:33","date_gmt":"2023-02-20T07:42:33","guid":{"rendered":"https:\/\/cifras.lt\/thingstories\/?post_type=product&#038;p=10333"},"modified":"2024-09-26T14:59:03","modified_gmt":"2024-09-26T12:59:03","slug":"ruda-linine-staltiese","status":"publish","type":"product","link":"https:\/\/thingstories.com\/lt\/lininis-produktas\/ruda-linine-staltiese\/","title":{"rendered":"Ruda linin\u0117 stalties\u0117"},"content":{"rendered":"","protected":false},"excerpt":{"rendered":"","protected":false},"featured_media":7695,"comment_status":"closed","ping_status":"closed","template":"","meta":{"_acf_changed":false},"product_brand":[],"product_cat":[58,37,22],"product_tag":[816,817],"giftcard-category":[],"class_list":{"0":"post-10333","1":"product","2":"type-product","3":"status-publish","4":"has-post-thumbnail","6":"product_cat-linines-staltieses","7":"product_cat-linas-valgomajam","8":"product_cat-visi-produktai","9":"product_tag-kvadratine-staltiese","10":"product_tag-staciakampe-staltiese","11":"pa_color-balta","12":"pa_color-juoda","13":"pa_color-naturalus-linas","14":"pa_color-rudas","15":"pa_color-sviesiai-pilka","16":"pa_tablecloth-square-rectangle-100-x-100-cm","17":"pa_tablecloth-square-rectangle-100-x-145-cm","18":"pa_tablecloth-square-rectangle-140-x-215-cm","19":"pa_tablecloth-square-rectangle-140-x-230-cm","20":"pa_tablecloth-square-rectangle-140-x-260-cm","21":"pa_tablecloth-square-rectangle-140-x-265-cm","22":"pa_tablecloth-square-rectangle-140-x-295-cm","23":"pa_tablecloth-square-rectangle-140-x-305-cm","24":"pa_tablecloth-square-rectangle-140-x-366-cm","25":"pa_tablecloth-square-rectangle-145-x-145-cm","26":"pa_tablecloth-square-rectangle-145-x-200-cm","27":"pa_tablecloth-square-rectangle-145-x-250-cm","28":"pa_tablecloth-square-rectangle-145-x-300-cm","29":"pa_tablecloth-square-rectangle-145-x-350-cm","30":"pa_tablecloth-square-rectangle-145-x-400-cm","32":"first","33":"outofstock","34":"taxable","35":"shipping-taxable","36":"product-type-simple"},"acf":[],"yoast_head":"<!-- This site is optimized with the Yoast SEO plugin v27.4 - https:\/\/yoast.com\/product\/yoast-seo-wordpress\/ -->\n<title>Ruda linin\u0117 stalties\u0117 | Thing Stories<\/title>\n<meta name=\"description\" content=\"Ruda linin\u0117 kvadratin\u0117 arba sta\u010diakamp\u0117 stalties\u0117 - puikus stalo dekoro pasirinkimas j\u016bs\u0173 jaukiems \u0161eimos pietums ar \u0161ventiniams susib\u016brimams.\" \/>\n<meta name=\"robots\" content=\"index, follow, max-snippet:-1, max-image-preview:large, max-video-preview:-1\" \/>\n<link rel=\"canonical\" href=\"https:\/\/thingstories.com\/lt\/lininis-produktas\/ruda-linine-staltiese\/\" \/>\n<meta property=\"og:locale\" content=\"lt_LT\" \/>\n<meta property=\"og:type\" content=\"article\" \/>\n<meta property=\"og:title\" content=\"Ruda linin\u0117 stalties\u0117 | Thing Stories\" \/>\n<meta property=\"og:description\" content=\"Ruda linin\u0117 kvadratin\u0117 arba sta\u010diakamp\u0117 stalties\u0117 - puikus stalo dekoro pasirinkimas j\u016bs\u0173 jaukiems \u0161eimos pietums ar \u0161ventiniams susib\u016brimams.\" \/>\n<meta property=\"og:url\" content=\"https:\/\/thingstories.com\/lt\/lininis-produktas\/ruda-linine-staltiese\/\" \/>\n<meta property=\"og:site_name\" content=\"Thing Stories\" \/>\n<meta property=\"article:publisher\" content=\"https:\/\/www.facebook.com\/thingstories\" \/>\n<meta property=\"article:modified_time\" content=\"2024-09-26T12:59:03+00:00\" \/>\n<meta property=\"og:image\" content=\"https:\/\/thingstories.com\/wp-admin\/uploads\/og_image.png\" \/>\n\t<meta property=\"og:image:width\" content=\"667\" \/>\n\t<meta property=\"og:image:height\" content=\"1001\" \/>\n\t<meta property=\"og:image:type\" content=\"image\/jpeg\" \/>\n<meta name=\"twitter:card\" content=\"summary_large_image\" \/>\n<meta name=\"twitter:site\" content=\"@Thing_Stories\" \/>\n<meta name=\"twitter:label1\" content=\"Est. reading time\" \/>\n\t<meta name=\"twitter:data1\" content=\"1 minut\u0117\" \/>\n<script type=\"application\/ld+json\" class=\"yoast-schema-graph\">{\"@context\":\"https:\\\/\\\/schema.org\",\"@graph\":[{\"@type\":\"WebPage\",\"@id\":\"https:\\\/\\\/thingstories.com\\\/lt\\\/lininis-produktas\\\/ruda-linine-staltiese\\\/\",\"url\":\"https:\\\/\\\/thingstories.com\\\/lt\\\/lininis-produktas\\\/ruda-linine-staltiese\\\/\",\"name\":\"Ruda linin\u0117 stalties\u0117 | Thing Stories\",\"isPartOf\":{\"@id\":\"https:\\\/\\\/thingstories.com\\\/lt\\\/#website\"},\"primaryImageOfPage\":{\"@id\":\"https:\\\/\\\/thingstories.com\\\/lt\\\/lininis-produktas\\\/ruda-linine-staltiese\\\/#primaryimage\"},\"image\":{\"@id\":\"https:\\\/\\\/thingstories.com\\\/lt\\\/lininis-produktas\\\/ruda-linine-staltiese\\\/#primaryimage\"},\"thumbnailUrl\":\"https:\\\/\\\/thingstories.com\\\/wp-content\\\/uploads\\\/2022\\\/07\\\/0091-thing-stories-table-linens-natural-linen-placemats-napkins-tablecloth-runner-wedding-christmas-orga.jpg\",\"datePublished\":\"2023-02-20T07:42:33+00:00\",\"dateModified\":\"2024-09-26T12:59:03+00:00\",\"description\":\"Ruda linin\u0117 kvadratin\u0117 arba sta\u010diakamp\u0117 stalties\u0117 - puikus stalo dekoro pasirinkimas j\u016bs\u0173 jaukiems \u0161eimos pietums ar \u0161ventiniams susib\u016brimams.\",\"breadcrumb\":{\"@id\":\"https:\\\/\\\/thingstories.com\\\/lt\\\/lininis-produktas\\\/ruda-linine-staltiese\\\/#breadcrumb\"},\"inLanguage\":\"lt-LT\",\"potentialAction\":[{\"@type\":\"ReadAction\",\"target\":[\"https:\\\/\\\/thingstories.com\\\/lt\\\/lininis-produktas\\\/ruda-linine-staltiese\\\/\"]}]},{\"@type\":\"ImageObject\",\"inLanguage\":\"lt-LT\",\"@id\":\"https:\\\/\\\/thingstories.com\\\/lt\\\/lininis-produktas\\\/ruda-linine-staltiese\\\/#primaryimage\",\"url\":\"https:\\\/\\\/thingstories.com\\\/wp-content\\\/uploads\\\/2022\\\/07\\\/0091-thing-stories-table-linens-natural-linen-placemats-napkins-tablecloth-runner-wedding-christmas-orga.jpg\",\"contentUrl\":\"https:\\\/\\\/thingstories.com\\\/wp-content\\\/uploads\\\/2022\\\/07\\\/0091-thing-stories-table-linens-natural-linen-placemats-napkins-tablecloth-runner-wedding-christmas-orga.jpg\",\"width\":667,\"height\":1001,\"caption\":\"Thing Stories natural linen brown tablecloth for family dinning time or as cozy home decor for special occasion\"},{\"@type\":\"BreadcrumbList\",\"@id\":\"https:\\\/\\\/thingstories.com\\\/lt\\\/lininis-produktas\\\/ruda-linine-staltiese\\\/#breadcrumb\",\"itemListElement\":[{\"@type\":\"ListItem\",\"position\":1,\"name\":\"Home\",\"item\":\"https:\\\/\\\/thingstories.com\\\/lt\\\/\"},{\"@type\":\"ListItem\",\"position\":2,\"name\":\"Parduotuv\u0117\",\"item\":\"https:\\\/\\\/thingstories.com\\\/shop-thing-stor\\\/\"},{\"@type\":\"ListItem\",\"position\":3,\"name\":\"Ruda linin\u0117 stalties\u0117\"}]},{\"@type\":\"WebSite\",\"@id\":\"https:\\\/\\\/thingstories.com\\\/lt\\\/#website\",\"url\":\"https:\\\/\\\/thingstories.com\\\/lt\\\/\",\"name\":\"Thing Stories\",\"description\":\"Just another WordPress site\",\"publisher\":{\"@id\":\"https:\\\/\\\/thingstories.com\\\/lt\\\/#organization\"},\"potentialAction\":[{\"@type\":\"SearchAction\",\"target\":{\"@type\":\"EntryPoint\",\"urlTemplate\":\"https:\\\/\\\/thingstories.com\\\/lt\\\/?s={search_term_string}\"},\"query-input\":{\"@type\":\"PropertyValueSpecification\",\"valueRequired\":true,\"valueName\":\"search_term_string\"}}],\"inLanguage\":\"lt-LT\"},{\"@type\":\"Organization\",\"@id\":\"https:\\\/\\\/thingstories.com\\\/lt\\\/#organization\",\"name\":\"Thing Stories\",\"url\":\"https:\\\/\\\/thingstories.com\\\/lt\\\/\",\"logo\":{\"@type\":\"ImageObject\",\"inLanguage\":\"lt-LT\",\"@id\":\"https:\\\/\\\/thingstories.com\\\/lt\\\/#\\\/schema\\\/logo\\\/image\\\/\",\"url\":\"https:\\\/\\\/thingstories.com\\\/wp-content\\\/uploads\\\/2023\\\/04\\\/logo.svg\",\"contentUrl\":\"https:\\\/\\\/thingstories.com\\\/wp-content\\\/uploads\\\/2023\\\/04\\\/logo.svg\",\"width\":165,\"height\":48,\"caption\":\"Thing Stories\"},\"image\":{\"@id\":\"https:\\\/\\\/thingstories.com\\\/lt\\\/#\\\/schema\\\/logo\\\/image\\\/\"},\"sameAs\":[\"https:\\\/\\\/www.facebook.com\\\/thingstories\",\"https:\\\/\\\/x.com\\\/Thing_Stories\",\"https:\\\/\\\/www.instagram.com\\\/thing_stories\\\/\",\"https:\\\/\\\/www.pinterest.com\\\/thingstories\\\/\",\"https:\\\/\\\/www.youtube.com\\\/channel\\\/UCpJAGpQV1_ERqXtLvk-M0yA\",\"https:\\\/\\\/www.linkedin.com\\\/company\\\/thing-stories\\\/?viewAsMember=true\"]}]}<\/script>\n<!-- \/ Yoast SEO plugin. -->","yoast_head_json":{"title":"Ruda linin\u0117 stalties\u0117 | Thing Stories","description":"Ruda linin\u0117 kvadratin\u0117 arba sta\u010diakamp\u0117 stalties\u0117 - puikus stalo dekoro pasirinkimas j\u016bs\u0173 jaukiems \u0161eimos pietums ar \u0161ventiniams susib\u016brimams.","robots":{"index":"index","follow":"follow","max-snippet":"max-snippet:-1","max-image-preview":"max-image-preview:large","max-video-preview":"max-video-preview:-1"},"canonical":"https:\/\/thingstories.com\/lt\/lininis-produktas\/ruda-linine-staltiese\/","og_locale":"lt_LT","og_type":"article","og_title":"Ruda linin\u0117 stalties\u0117 | Thing Stories","og_description":"Ruda linin\u0117 kvadratin\u0117 arba sta\u010diakamp\u0117 stalties\u0117 - puikus stalo dekoro pasirinkimas j\u016bs\u0173 jaukiems \u0161eimos pietums ar \u0161ventiniams susib\u016brimams.","og_url":"https:\/\/thingstories.com\/lt\/lininis-produktas\/ruda-linine-staltiese\/","og_site_name":"Thing Stories","article_publisher":"https:\/\/www.facebook.com\/thingstories","article_modified_time":"2024-09-26T12:59:03+00:00","og_image":[{"width":667,"height":1001,"url":"https:\/\/thingstories.com\/wp-admin\/uploads\/og_image.png","type":"image\/jpeg"}],"twitter_card":"summary_large_image","twitter_site":"@Thing_Stories","twitter_misc":{"Est. reading time":"1 minut\u0117"},"schema":{"@context":"https:\/\/schema.org","@graph":[{"@type":"WebPage","@id":"https:\/\/thingstories.com\/lt\/lininis-produktas\/ruda-linine-staltiese\/","url":"https:\/\/thingstories.com\/lt\/lininis-produktas\/ruda-linine-staltiese\/","name":"Ruda linin\u0117 stalties\u0117 | Thing Stories","isPartOf":{"@id":"https:\/\/thingstories.com\/lt\/#website"},"primaryImageOfPage":{"@id":"https:\/\/thingstories.com\/lt\/lininis-produktas\/ruda-linine-staltiese\/#primaryimage"},"image":{"@id":"https:\/\/thingstories.com\/lt\/lininis-produktas\/ruda-linine-staltiese\/#primaryimage"},"thumbnailUrl":"https:\/\/thingstories.com\/wp-content\/uploads\/2022\/07\/0091-thing-stories-table-linens-natural-linen-placemats-napkins-tablecloth-runner-wedding-christmas-orga.jpg","datePublished":"2023-02-20T07:42:33+00:00","dateModified":"2024-09-26T12:59:03+00:00","description":"Ruda linin\u0117 kvadratin\u0117 arba sta\u010diakamp\u0117 stalties\u0117 - puikus stalo dekoro pasirinkimas j\u016bs\u0173 jaukiems \u0161eimos pietums ar \u0161ventiniams susib\u016brimams.","breadcrumb":{"@id":"https:\/\/thingstories.com\/lt\/lininis-produktas\/ruda-linine-staltiese\/#breadcrumb"},"inLanguage":"lt-LT","potentialAction":[{"@type":"ReadAction","target":["https:\/\/thingstories.com\/lt\/lininis-produktas\/ruda-linine-staltiese\/"]}]},{"@type":"ImageObject","inLanguage":"lt-LT","@id":"https:\/\/thingstories.com\/lt\/lininis-produktas\/ruda-linine-staltiese\/#primaryimage","url":"https:\/\/thingstories.com\/wp-content\/uploads\/2022\/07\/0091-thing-stories-table-linens-natural-linen-placemats-napkins-tablecloth-runner-wedding-christmas-orga.jpg","contentUrl":"https:\/\/thingstories.com\/wp-content\/uploads\/2022\/07\/0091-thing-stories-table-linens-natural-linen-placemats-napkins-tablecloth-runner-wedding-christmas-orga.jpg","width":667,"height":1001,"caption":"Thing Stories natural linen brown tablecloth for family dinning time or as cozy home decor for special occasion"},{"@type":"BreadcrumbList","@id":"https:\/\/thingstories.com\/lt\/lininis-produktas\/ruda-linine-staltiese\/#breadcrumb","itemListElement":[{"@type":"ListItem","position":1,"name":"Home","item":"https:\/\/thingstories.com\/lt\/"},{"@type":"ListItem","position":2,"name":"Parduotuv\u0117","item":"https:\/\/thingstories.com\/shop-thing-stor\/"},{"@type":"ListItem","position":3,"name":"Ruda linin\u0117 stalties\u0117"}]},{"@type":"WebSite","@id":"https:\/\/thingstories.com\/lt\/#website","url":"https:\/\/thingstories.com\/lt\/","name":"Thing Stories","description":"Just another WordPress site","publisher":{"@id":"https:\/\/thingstories.com\/lt\/#organization"},"potentialAction":[{"@type":"SearchAction","target":{"@type":"EntryPoint","urlTemplate":"https:\/\/thingstories.com\/lt\/?s={search_term_string}"},"query-input":{"@type":"PropertyValueSpecification","valueRequired":true,"valueName":"search_term_string"}}],"inLanguage":"lt-LT"},{"@type":"Organization","@id":"https:\/\/thingstories.com\/lt\/#organization","name":"Thing Stories","url":"https:\/\/thingstories.com\/lt\/","logo":{"@type":"ImageObject","inLanguage":"lt-LT","@id":"https:\/\/thingstories.com\/lt\/#\/schema\/logo\/image\/","url":"https:\/\/thingstories.com\/wp-content\/uploads\/2023\/04\/logo.svg","contentUrl":"https:\/\/thingstories.com\/wp-content\/uploads\/2023\/04\/logo.svg","width":165,"height":48,"caption":"Thing Stories"},"image":{"@id":"https:\/\/thingstories.com\/lt\/#\/schema\/logo\/image\/"},"sameAs":["https:\/\/www.facebook.com\/thingstories","https:\/\/x.com\/Thing_Stories","https:\/\/www.instagram.com\/thing_stories\/","https:\/\/www.pinterest.com\/thingstories\/","https:\/\/www.youtube.com\/channel\/UCpJAGpQV1_ERqXtLvk-M0yA","https:\/\/www.linkedin.com\/company\/thing-stories\/?viewAsMember=true"]}]}},"_links":{"self":[{"href":"https:\/\/thingstories.com\/lt\/wp-json\/wp\/v2\/product\/10333","targetHints":{"allow":["GET"]}}],"collection":[{"href":"https:\/\/thingstories.com\/lt\/wp-json\/wp\/v2\/product"}],"about":[{"href":"https:\/\/thingstories.com\/lt\/wp-json\/wp\/v2\/types\/product"}],"replies":[{"embeddable":true,"href":"https:\/\/thingstories.com\/lt\/wp-json\/wp\/v2\/comments?post=10333"}],"wp:featuredmedia":[{"embeddable":true,"href":"https:\/\/thingstories.com\/lt\/wp-json\/wp\/v2\/media\/7695"}],"wp:attachment":[{"href":"https:\/\/thingstories.com\/lt\/wp-json\/wp\/v2\/media?parent=10333"}],"wp:term":[{"taxonomy":"product_brand","embeddable":true,"href":"https:\/\/thingstories.com\/lt\/wp-json\/wp\/v2\/product_brand?post=10333"},{"taxonomy":"product_cat","embeddable":true,"href":"https:\/\/thingstories.com\/lt\/wp-json\/wp\/v2\/product_cat?post=10333"},{"taxonomy":"product_tag","embeddable":true,"href":"https:\/\/thingstories.com\/lt\/wp-json\/wp\/v2\/product_tag?post=10333"},{"taxonomy":"giftcard-category","embeddable":true,"href":"https:\/\/thingstories.com\/lt\/wp-json\/wp\/v2\/giftcard-category?post=10333"}],"curies":[{"name":"wp","href":"https:\/\/api.w.org\/{rel}","templated":true}]}}