{"id":6459,"date":"2022-09-28T17:36:00","date_gmt":"2022-09-28T17:36:00","guid":{"rendered":"https:\/\/cifras.lt\/thingstories\/?page_id=6459"},"modified":"2024-05-13T17:38:34","modified_gmt":"2024-05-13T15:38:34","slug":"didmena","status":"publish","type":"page","link":"https:\/\/thingstories.com\/lt\/didmena\/","title":{"rendered":"Didmena"},"content":{"rendered":"\n<h1 class=\"wp-block-heading\">Lorem ipsum<\/h1>\n\n\n\n<p>J\u016bs\u0173 privatumas ir asmens duomen\u0173 saugumas mumslabai r\u016bpi. \u012egyvendindami Europos Parlamento ir Tarybos Reglament\u0105 (ES) 2016\/679 2016 m. baland\u017eio 27 d. d\u0117l fizini\u0173 asmen\u0173 apsaugos tvarkant asmens duomenis ir d\u0117l laisvo toki\u0173 duomen\u0173 jud\u0117jimo ir kuriuo panaikinama Direktyva 95\/46\/EB (Bendrasis duomen\u0173 apsaugos reglamentas) u\u017etikriname Jums ypa\u010d skaidr\u0173 ir s\u0105\u017eining\u0105 J\u016bs\u0173 asmens duomen\u0173 tvarkym\u0105. \u0160ioje privatumo politikoje galite susipa\u017einti su savo teis\u0117mis bei informacija apie J\u016bs\u0173 asmens duomen\u0173 tvarkym\u0105.<\/p>\n\n\n\n<p><br>J\u016bs\u0173 asmens duomen\u0173 valdytojas yra MB \u201eThing Stories\u201c, \u012fmon\u0117s kodas 305687117, PVM mok.kodas LT100013729511, adresas Melioratori\u0173 g. 57-5, LT-97137 Kretinga, kontaktinis el. pa\u0161to adresas hello @ thingstories.com.<\/p>\n\n\n\n<hr class=\"wp-block-separator has-css-opacity\"\/>\n\n\n\n<h2 class=\"wp-block-heading\"><strong>1. BENDROSIOS NUOSTATOS<\/strong><\/h2>\n\n\n\n<p><strong>The standard Lorem Ipsum passage, used since the 1500s<\/strong><\/p>\n\n\n\n<p>1.1. \u0160i privatumo politika, be kita ko, reglamentuoja m\u016bs\u0173 kaip duomen\u0173 valdytoj\u0173 atliekam\u0105 asmens duomen\u0173 rinkim\u0105, tvarkym\u0105 ir saugojim\u0105. Ji yra skirta m\u016bs\u0173 klientams, partneriams ir visiems tretiesiems asmenims, kurie naudojasi elektronine parduotuve www.thingstories.com, taip pat su kuriais mes kartu dirbame, bendradarbiaujame ar turime verslo santyki\u0173.<\/p>\n\n\n\n<p>1.2. Mes kuriame aksesuarus namams bei kasdienai, si\u016bname tekstil\u0117s gaminius. Vykdydami veikl\u0105 r\u016bpinam\u0117s J\u016bs\u0173 asmens duomen\u0173 saugumu bei j\u0173 tvarkymo pagrindiniais principais:<\/p>\n\n\n\n<p>1.2.1. asmens duomenis tvarkyti teis\u0117tu, s\u0105\u017einingu ir skaidriu b\u016bdu (teis\u0117tumo, s\u0105\u017einingumo ir skaidrumo principas);<\/p>\n\n\n\n<p>1.2.2. asmens duomenis rinkti nustatytais, ai\u0161kiai apibr\u0117\u017etais bei teis\u0117tais tikslais ir toliau netvarkyti su tais tikslais nesuderinamu b\u016bdu (tikslo apribojimo principas);<\/p>\n\n\n\n<p>1.2.3. u\u017etikrinti, kad tvarkomi asmens duomenys b\u016bt\u0173 adekvat\u016bs, tinkami ir tik tokie, kuri\u0173 reikia siekiant tiksl\u0173, d\u0117l kuri\u0173 jie tvarkomi (duomen\u0173 kiekio ma\u017einimo principas);<\/p>\n\n\n\n<p>1.2.4. u\u017etikrinti, kad asmens duomenys b\u016bt\u0173 tiksl\u016bs ir prireikus atnaujinami; imtis vis\u0173 pagr\u012fst\u0173 priemoni\u0173 u\u017etikrinti, kad asmens duomenys, kurie n\u0117ra tiksl\u016bs, atsi\u017evelgiant \u012f j\u0173 tvarkymo tikslus, b\u016bt\u0173 nedelsiant i\u0161trinami arba i\u0161taisomi (tikslumo principas);<\/p>\n\n\n\n<p>1.2.5. asmens duomenis laikyti tokia forma, kad duomen\u0173 subjekt\u0173 tapatyb\u0119 b\u016bt\u0173 galima nustatyti ne ilgiau, nei tai yra b\u016btina tais tikslais, kuriais asmens duomenys yra tvarkomi (saugojimo trukm\u0117s apribojimo principas); <\/p>\n\n\n\n<p>1.2.6. asmens duomenis tvarkyti tokiu b\u016bdu, kad taikant atitinkamas technines ar organizacines priemones b\u016bt\u0173 u\u017etikrintas tinkamas asmens duomen\u0173 saugumas, \u012fskaitant apsaug\u0105 nuo duomen\u0173 tvarkymo be leidimo arba neteis\u0117to duomen\u0173 tvarkymo ir nuo nety\u010dinio praradimo, sunaikinimo ar sugadinimo (vientisumo ir konfidencialumo principas).<\/p>\n\n\n\n<hr class=\"wp-block-separator has-css-opacity\"\/>\n\n\n\n<h3 class=\"wp-block-heading\">Lorem ipsum<\/h3>\n\n\n\n<ul class=\"wp-block-list\">\n<li>The standard Lorem Ipsum passage, usde since 1500s<\/li>\n\n\n\n<li>The standard Lorem Ipsum passage, usde since 1500s<\/li>\n\n\n\n<li>The standard Lorem Ipsum passage, usde since 1500s<\/li>\n\n\n\n<li>The standard Lorem Ipsum passage, usde since 1500s<\/li>\n<\/ul>\n\n\n\n<hr class=\"wp-block-separator has-css-opacity\"\/>\n\n\n\n<h4 class=\"wp-block-heading\">Lorem ipsum<\/h4>\n\n\n\n<ol class=\"wp-block-list\">\n<li>The standard Lorem Ipsum passage, usde since 1500s<\/li>\n\n\n\n<li>The standard Lorem Ipsum passage, usde since 1500s<\/li>\n\n\n\n<li>The standard Lorem Ipsum passage, usde since 1500s<\/li>\n\n\n\n<li>The standard Lorem Ipsum passage, usde since 1500s<\/li>\n<\/ol>\n\n\n\n<hr class=\"wp-block-separator has-css-opacity\"\/>\n\n\n\n<h5 class=\"wp-block-heading\">Lorem ipsum<\/h5>\n\n\n\n<p><em>The standard Lorem Ipsum passage, used since the 1500s<\/em><\/p>\n\n\n\n<p>\u201cLorem ipsum dolor sit amet, consectetur adipiscing elit, sed do eiusmod tempor incididunt ut labore et dolore magna aliqua. Ut enim ad minim veniam, quis nostrud exercitation ullamco laboris nisi ut aliquip ex ea commodo consequat. Duis aute irure dolor in reprehenderit in voluptate velit esse cillum dolore eu fugiat nulla pariatur. Excepteur sint occaecat cupidatat non proident, sunt in culpa qui officia deserunt mollit anim id est laborum.\u201d<\/p>\n\n\n\n<h6 class=\"wp-block-heading\">Lorem ipsum<\/h6>\n\n\n\n<p><em>The standard Lorem Ipsum passage, used since the 1500s<\/em><\/p>\n\n\n\n<p>\u201cLorem ipsum dolor sit amet, consectetur adipiscing elit, sed do eiusmod tempor incididunt ut labore et dolore magna aliqua. Ut enim ad minim veniam, quis nostrud exercitation ullamco laboris nisi ut aliquip ex ea commodo consequat. Duis aute irure dolor in reprehenderit in voluptate velit esse cillum dolore eu fugiat nulla pariatur. Excepteur sint occaecat cupidatat non proident, sunt in culpa qui officia deserunt mollit anim id est laborum.\u201d<\/p>\n","protected":false},"excerpt":{"rendered":"Lorem ipsum J\u016bs\u0173 privatumas ir asmens duomen\u0173 saugumas mumslabai r\u016bpi. \u012egyvendindami Europos Parlamento ir Tarybos Reglament\u0105 (ES) 2016\/679&#8230;","protected":false},"author":12,"featured_media":0,"parent":0,"menu_order":0,"comment_status":"closed","ping_status":"closed","template":"template-hotels.php","meta":{"_acf_changed":false,"footnotes":""},"class_list":["post-6459","page","type-page","status-publish","hentry"],"acf":[],"yoast_head":"<!-- This site is optimized with the Yoast SEO plugin v27.4 - https:\/\/yoast.com\/product\/yoast-seo-wordpress\/ -->\n<title>Didmena | Thing Stories<\/title>\n<meta name=\"robots\" content=\"index, follow, max-snippet:-1, max-image-preview:large, max-video-preview:-1\" \/>\n<link rel=\"canonical\" href=\"https:\/\/thingstories.com\/wholesale\/\" \/>\n<meta property=\"og:locale\" content=\"lt_LT\" \/>\n<meta property=\"og:type\" content=\"article\" \/>\n<meta property=\"og:title\" content=\"Didmena | Thing Stories\" \/>\n<meta property=\"og:description\" content=\"Lorem ipsum J\u016bs\u0173 privatumas ir asmens duomen\u0173 saugumas mumslabai r\u016bpi. \u012egyvendindami Europos Parlamento ir Tarybos Reglament\u0105 (ES) 2016\/679...\" \/>\n<meta property=\"og:url\" content=\"https:\/\/thingstories.com\/wholesale\/\" \/>\n<meta property=\"og:site_name\" content=\"Thing Stories\" \/>\n<meta property=\"article:publisher\" content=\"https:\/\/www.facebook.com\/thingstories\" \/>\n<meta property=\"article:modified_time\" content=\"2024-05-13T15:38:34+00:00\" \/>\n<meta property=\"og:image\" content=\"https:\/\/thingstories.com\/wp-admin\/uploads\/og_image.png\" \/>\n\t<meta property=\"og:image:width\" content=\"1200\" \/>\n\t<meta property=\"og:image:height\" content=\"630\" \/>\n\t<meta property=\"og:image:type\" content=\"image\/png\" \/>\n<meta name=\"twitter:card\" content=\"summary_large_image\" \/>\n<meta name=\"twitter:site\" content=\"@Thing_Stories\" \/>\n<meta name=\"twitter:label1\" content=\"Est. reading time\" \/>\n\t<meta name=\"twitter:data1\" content=\"3 minut\u0117s\" \/>\n<script type=\"application\/ld+json\" class=\"yoast-schema-graph\">{\"@context\":\"https:\\\/\\\/schema.org\",\"@graph\":[{\"@type\":\"WebPage\",\"@id\":\"https:\\\/\\\/thingstories.com\\\/wholesale\\\/\",\"url\":\"https:\\\/\\\/thingstories.com\\\/wholesale\\\/\",\"name\":\"Didmena | Thing Stories\",\"isPartOf\":{\"@id\":\"https:\\\/\\\/thingstories.com\\\/lt\\\/#website\"},\"datePublished\":\"2022-09-28T17:36:00+00:00\",\"dateModified\":\"2024-05-13T15:38:34+00:00\",\"breadcrumb\":{\"@id\":\"https:\\\/\\\/thingstories.com\\\/wholesale\\\/#breadcrumb\"},\"inLanguage\":\"lt-LT\",\"potentialAction\":[{\"@type\":\"ReadAction\",\"target\":[\"https:\\\/\\\/thingstories.com\\\/wholesale\\\/\"]}]},{\"@type\":\"BreadcrumbList\",\"@id\":\"https:\\\/\\\/thingstories.com\\\/wholesale\\\/#breadcrumb\",\"itemListElement\":[{\"@type\":\"ListItem\",\"position\":1,\"name\":\"Home\",\"item\":\"https:\\\/\\\/thingstories.com\\\/lt\\\/\"},{\"@type\":\"ListItem\",\"position\":2,\"name\":\"Didmena\"}]},{\"@type\":\"WebSite\",\"@id\":\"https:\\\/\\\/thingstories.com\\\/lt\\\/#website\",\"url\":\"https:\\\/\\\/thingstories.com\\\/lt\\\/\",\"name\":\"Thing Stories\",\"description\":\"Just another WordPress site\",\"publisher\":{\"@id\":\"https:\\\/\\\/thingstories.com\\\/lt\\\/#organization\"},\"potentialAction\":[{\"@type\":\"SearchAction\",\"target\":{\"@type\":\"EntryPoint\",\"urlTemplate\":\"https:\\\/\\\/thingstories.com\\\/lt\\\/?s={search_term_string}\"},\"query-input\":{\"@type\":\"PropertyValueSpecification\",\"valueRequired\":true,\"valueName\":\"search_term_string\"}}],\"inLanguage\":\"lt-LT\"},{\"@type\":\"Organization\",\"@id\":\"https:\\\/\\\/thingstories.com\\\/lt\\\/#organization\",\"name\":\"Thing Stories\",\"url\":\"https:\\\/\\\/thingstories.com\\\/lt\\\/\",\"logo\":{\"@type\":\"ImageObject\",\"inLanguage\":\"lt-LT\",\"@id\":\"https:\\\/\\\/thingstories.com\\\/lt\\\/#\\\/schema\\\/logo\\\/image\\\/\",\"url\":\"https:\\\/\\\/thingstories.com\\\/wp-content\\\/uploads\\\/2023\\\/04\\\/logo.svg\",\"contentUrl\":\"https:\\\/\\\/thingstories.com\\\/wp-content\\\/uploads\\\/2023\\\/04\\\/logo.svg\",\"width\":165,\"height\":48,\"caption\":\"Thing Stories\"},\"image\":{\"@id\":\"https:\\\/\\\/thingstories.com\\\/lt\\\/#\\\/schema\\\/logo\\\/image\\\/\"},\"sameAs\":[\"https:\\\/\\\/www.facebook.com\\\/thingstories\",\"https:\\\/\\\/x.com\\\/Thing_Stories\",\"https:\\\/\\\/www.instagram.com\\\/thing_stories\\\/\",\"https:\\\/\\\/www.pinterest.com\\\/thingstories\\\/\",\"https:\\\/\\\/www.youtube.com\\\/channel\\\/UCpJAGpQV1_ERqXtLvk-M0yA\",\"https:\\\/\\\/www.linkedin.com\\\/company\\\/thing-stories\\\/?viewAsMember=true\"]}]}<\/script>\n<!-- \/ Yoast SEO plugin. -->","yoast_head_json":{"title":"Didmena | Thing Stories","robots":{"index":"index","follow":"follow","max-snippet":"max-snippet:-1","max-image-preview":"max-image-preview:large","max-video-preview":"max-video-preview:-1"},"canonical":"https:\/\/thingstories.com\/wholesale\/","og_locale":"lt_LT","og_type":"article","og_title":"Didmena | Thing Stories","og_description":"Lorem ipsum J\u016bs\u0173 privatumas ir asmens duomen\u0173 saugumas mumslabai r\u016bpi. \u012egyvendindami Europos Parlamento ir Tarybos Reglament\u0105 (ES) 2016\/679...","og_url":"https:\/\/thingstories.com\/wholesale\/","og_site_name":"Thing Stories","article_publisher":"https:\/\/www.facebook.com\/thingstories","article_modified_time":"2024-05-13T15:38:34+00:00","og_image":[{"url":"https:\/\/thingstories.com\/wp-admin\/uploads\/og_image.png","width":1200,"height":630,"type":"image\/png"}],"twitter_card":"summary_large_image","twitter_site":"@Thing_Stories","twitter_misc":{"Est. reading time":"3 minut\u0117s"},"schema":{"@context":"https:\/\/schema.org","@graph":[{"@type":"WebPage","@id":"https:\/\/thingstories.com\/wholesale\/","url":"https:\/\/thingstories.com\/wholesale\/","name":"Didmena | Thing Stories","isPartOf":{"@id":"https:\/\/thingstories.com\/lt\/#website"},"datePublished":"2022-09-28T17:36:00+00:00","dateModified":"2024-05-13T15:38:34+00:00","breadcrumb":{"@id":"https:\/\/thingstories.com\/wholesale\/#breadcrumb"},"inLanguage":"lt-LT","potentialAction":[{"@type":"ReadAction","target":["https:\/\/thingstories.com\/wholesale\/"]}]},{"@type":"BreadcrumbList","@id":"https:\/\/thingstories.com\/wholesale\/#breadcrumb","itemListElement":[{"@type":"ListItem","position":1,"name":"Home","item":"https:\/\/thingstories.com\/lt\/"},{"@type":"ListItem","position":2,"name":"Didmena"}]},{"@type":"WebSite","@id":"https:\/\/thingstories.com\/lt\/#website","url":"https:\/\/thingstories.com\/lt\/","name":"Thing Stories","description":"Just another WordPress site","publisher":{"@id":"https:\/\/thingstories.com\/lt\/#organization"},"potentialAction":[{"@type":"SearchAction","target":{"@type":"EntryPoint","urlTemplate":"https:\/\/thingstories.com\/lt\/?s={search_term_string}"},"query-input":{"@type":"PropertyValueSpecification","valueRequired":true,"valueName":"search_term_string"}}],"inLanguage":"lt-LT"},{"@type":"Organization","@id":"https:\/\/thingstories.com\/lt\/#organization","name":"Thing Stories","url":"https:\/\/thingstories.com\/lt\/","logo":{"@type":"ImageObject","inLanguage":"lt-LT","@id":"https:\/\/thingstories.com\/lt\/#\/schema\/logo\/image\/","url":"https:\/\/thingstories.com\/wp-content\/uploads\/2023\/04\/logo.svg","contentUrl":"https:\/\/thingstories.com\/wp-content\/uploads\/2023\/04\/logo.svg","width":165,"height":48,"caption":"Thing Stories"},"image":{"@id":"https:\/\/thingstories.com\/lt\/#\/schema\/logo\/image\/"},"sameAs":["https:\/\/www.facebook.com\/thingstories","https:\/\/x.com\/Thing_Stories","https:\/\/www.instagram.com\/thing_stories\/","https:\/\/www.pinterest.com\/thingstories\/","https:\/\/www.youtube.com\/channel\/UCpJAGpQV1_ERqXtLvk-M0yA","https:\/\/www.linkedin.com\/company\/thing-stories\/?viewAsMember=true"]}]}},"_links":{"self":[{"href":"https:\/\/thingstories.com\/lt\/wp-json\/wp\/v2\/pages\/6459","targetHints":{"allow":["GET"]}}],"collection":[{"href":"https:\/\/thingstories.com\/lt\/wp-json\/wp\/v2\/pages"}],"about":[{"href":"https:\/\/thingstories.com\/lt\/wp-json\/wp\/v2\/types\/page"}],"author":[{"embeddable":true,"href":"https:\/\/thingstories.com\/lt\/wp-json\/wp\/v2\/users\/12"}],"replies":[{"embeddable":true,"href":"https:\/\/thingstories.com\/lt\/wp-json\/wp\/v2\/comments?post=6459"}],"version-history":[{"count":10,"href":"https:\/\/thingstories.com\/lt\/wp-json\/wp\/v2\/pages\/6459\/revisions"}],"predecessor-version":[{"id":20701,"href":"https:\/\/thingstories.com\/lt\/wp-json\/wp\/v2\/pages\/6459\/revisions\/20701"}],"wp:attachment":[{"href":"https:\/\/thingstories.com\/lt\/wp-json\/wp\/v2\/media?parent=6459"}],"curies":[{"name":"wp","href":"https:\/\/api.w.org\/{rel}","templated":true}]}}