{"id":479,"date":"2022-01-07T18:53:52","date_gmt":"2022-01-07T18:53:52","guid":{"rendered":"https:\/\/thingstories.local\/?page_id=479"},"modified":"2023-03-15T14:33:37","modified_gmt":"2023-03-15T14:33:37","slug":"lino-istorija","status":"publish","type":"page","link":"https:\/\/thingstories.com\/lt\/lino-istorija\/","title":{"rendered":"Lino istorija"},"content":{"rendered":"","protected":false},"excerpt":{"rendered":"","protected":false},"author":11,"featured_media":0,"parent":0,"menu_order":0,"comment_status":"closed","ping_status":"closed","template":"template-history.php","meta":{"_acf_changed":false,"footnotes":""},"class_list":["post-479","page","type-page","status-publish","hentry"],"acf":[],"yoast_head":"<!-- This site is optimized with the Yoast SEO plugin v27.4 - https:\/\/yoast.com\/product\/yoast-seo-wordpress\/ -->\n<title>Lino istorija | Thing Stories<\/title>\n<meta name=\"description\" content=\"Iki \u0161iol nesutariama, kur linas atsirado pirmiausiai - senais laikais jis buvo populiarus Kinijoje ir Indijoje, o egiptie\u010diai j\u012f naudojo ne tik r\u016bbams, bur\u0117ms ar virv\u0117ms, bet ir mumifikacijai. Visgi, b\u016bt\u0173 sunku nesutikti, jog ir Europoje bei m\u016bs\u0173 \u0161alyje, Lietuvoje, \u0161is augalas siejamas su giliomis tradicijomis - prie\u0161 daugiau kaip 4000 met\u0173 m\u016bs\u0173 \u0161al\u012f pasiek\u0119s linas sugeb\u0117jo tapti vienu i\u0161 tautos simboli\u0173.Pirmiausia reik\u0117t\u0173 pamin\u0117ti, jog lin\u0173 auginimo procesas yra kur kas ilgesnis ir sud\u0117tingesnis nei kit\u0173 augal\u0173, ta\u010diau senov\u0117s lietuviai \u012f \u0161\u012f proces\u0105 \u017ei\u016br\u0117jo atsakingai. \u012e \u0161\u012f darb\u0105 tuomet \u012fsitraukdavo visa \u0161eima: kas lau\u017eydavo stiebelius, kas \u0161ukuodavo ar ausdavo\u2026 Tikriausiai tai viena i\u0161 prie\u017eas\u010di\u0173, kod\u0117l lininiai gaminiai ir dabar dvelkia jaukumu, o \u012f \u0161\u012f audin\u012f susipina ne tik \u0161eimos, bet ir visos bendruomen\u0117s vertyb\u0117s.\" \/>\n<meta name=\"robots\" content=\"index, follow, max-snippet:-1, max-image-preview:large, max-video-preview:-1\" \/>\n<link rel=\"canonical\" href=\"https:\/\/thingstories.com\/linen-story-and-history\/\" \/>\n<meta property=\"og:locale\" content=\"lt_LT\" \/>\n<meta property=\"og:type\" content=\"article\" \/>\n<meta property=\"og:title\" content=\"Lino istorija | Thing Stories\" \/>\n<meta property=\"og:description\" content=\"Iki \u0161iol nesutariama, kur linas atsirado pirmiausiai - senais laikais jis buvo populiarus Kinijoje ir Indijoje, o egiptie\u010diai j\u012f naudojo ne tik r\u016bbams, bur\u0117ms ar virv\u0117ms, bet ir mumifikacijai. Visgi, b\u016bt\u0173 sunku nesutikti, jog ir Europoje bei m\u016bs\u0173 \u0161alyje, Lietuvoje, \u0161is augalas siejamas su giliomis tradicijomis - prie\u0161 daugiau kaip 4000 met\u0173 m\u016bs\u0173 \u0161al\u012f pasiek\u0119s linas sugeb\u0117jo tapti vienu i\u0161 tautos simboli\u0173.Pirmiausia reik\u0117t\u0173 pamin\u0117ti, jog lin\u0173 auginimo procesas yra kur kas ilgesnis ir sud\u0117tingesnis nei kit\u0173 augal\u0173, ta\u010diau senov\u0117s lietuviai \u012f \u0161\u012f proces\u0105 \u017ei\u016br\u0117jo atsakingai. \u012e \u0161\u012f darb\u0105 tuomet \u012fsitraukdavo visa \u0161eima: kas lau\u017eydavo stiebelius, kas \u0161ukuodavo ar ausdavo\u2026 Tikriausiai tai viena i\u0161 prie\u017eas\u010di\u0173, kod\u0117l lininiai gaminiai ir dabar dvelkia jaukumu, o \u012f \u0161\u012f audin\u012f susipina ne tik \u0161eimos, bet ir visos bendruomen\u0117s vertyb\u0117s.\" \/>\n<meta property=\"og:url\" content=\"https:\/\/thingstories.com\/linen-story-and-history\/\" \/>\n<meta property=\"og:site_name\" content=\"Thing Stories\" \/>\n<meta property=\"article:publisher\" content=\"https:\/\/www.facebook.com\/thingstories\" \/>\n<meta property=\"article:modified_time\" content=\"2023-03-15T14:33:37+00:00\" \/>\n<meta property=\"og:image\" content=\"https:\/\/thingstories.com\/wp-admin\/uploads\/og_image.png\" \/>\n\t<meta property=\"og:image:width\" content=\"1200\" \/>\n\t<meta property=\"og:image:height\" content=\"630\" \/>\n\t<meta property=\"og:image:type\" content=\"image\/png\" \/>\n<meta name=\"twitter:card\" content=\"summary_large_image\" \/>\n<meta name=\"twitter:site\" content=\"@Thing_Stories\" \/>\n<script type=\"application\/ld+json\" class=\"yoast-schema-graph\">{\"@context\":\"https:\\\/\\\/schema.org\",\"@graph\":[{\"@type\":\"WebPage\",\"@id\":\"https:\\\/\\\/thingstories.com\\\/linen-story-and-history\\\/\",\"url\":\"https:\\\/\\\/thingstories.com\\\/linen-story-and-history\\\/\",\"name\":\"Lino istorija | Thing Stories\",\"isPartOf\":{\"@id\":\"https:\\\/\\\/thingstories.com\\\/lt\\\/#website\"},\"datePublished\":\"2022-01-07T18:53:52+00:00\",\"dateModified\":\"2023-03-15T14:33:37+00:00\",\"description\":\"Iki \u0161iol nesutariama, kur linas atsirado pirmiausiai - senais laikais jis buvo populiarus Kinijoje ir Indijoje, o egiptie\u010diai j\u012f naudojo ne tik r\u016bbams, bur\u0117ms ar virv\u0117ms, bet ir mumifikacijai. Visgi, b\u016bt\u0173 sunku nesutikti, jog ir Europoje bei m\u016bs\u0173 \u0161alyje, Lietuvoje, \u0161is augalas siejamas su giliomis tradicijomis - prie\u0161 daugiau kaip 4000 met\u0173 m\u016bs\u0173 \u0161al\u012f pasiek\u0119s linas sugeb\u0117jo tapti vienu i\u0161 tautos simboli\u0173.Pirmiausia reik\u0117t\u0173 pamin\u0117ti, jog lin\u0173 auginimo procesas yra kur kas ilgesnis ir sud\u0117tingesnis nei kit\u0173 augal\u0173, ta\u010diau senov\u0117s lietuviai \u012f \u0161\u012f proces\u0105 \u017ei\u016br\u0117jo atsakingai. \u012e \u0161\u012f darb\u0105 tuomet \u012fsitraukdavo visa \u0161eima: kas lau\u017eydavo stiebelius, kas \u0161ukuodavo ar ausdavo\u2026 Tikriausiai tai viena i\u0161 prie\u017eas\u010di\u0173, kod\u0117l lininiai gaminiai ir dabar dvelkia jaukumu, o \u012f \u0161\u012f audin\u012f susipina ne tik \u0161eimos, bet ir visos bendruomen\u0117s vertyb\u0117s.\",\"breadcrumb\":{\"@id\":\"https:\\\/\\\/thingstories.com\\\/linen-story-and-history\\\/#breadcrumb\"},\"inLanguage\":\"lt-LT\",\"potentialAction\":[{\"@type\":\"ReadAction\",\"target\":[\"https:\\\/\\\/thingstories.com\\\/linen-story-and-history\\\/\"]}]},{\"@type\":\"BreadcrumbList\",\"@id\":\"https:\\\/\\\/thingstories.com\\\/linen-story-and-history\\\/#breadcrumb\",\"itemListElement\":[{\"@type\":\"ListItem\",\"position\":1,\"name\":\"Home\",\"item\":\"https:\\\/\\\/thingstories.com\\\/lt\\\/\"},{\"@type\":\"ListItem\",\"position\":2,\"name\":\"Lino istorija\"}]},{\"@type\":\"WebSite\",\"@id\":\"https:\\\/\\\/thingstories.com\\\/lt\\\/#website\",\"url\":\"https:\\\/\\\/thingstories.com\\\/lt\\\/\",\"name\":\"Thing Stories\",\"description\":\"Just another WordPress site\",\"publisher\":{\"@id\":\"https:\\\/\\\/thingstories.com\\\/lt\\\/#organization\"},\"potentialAction\":[{\"@type\":\"SearchAction\",\"target\":{\"@type\":\"EntryPoint\",\"urlTemplate\":\"https:\\\/\\\/thingstories.com\\\/lt\\\/?s={search_term_string}\"},\"query-input\":{\"@type\":\"PropertyValueSpecification\",\"valueRequired\":true,\"valueName\":\"search_term_string\"}}],\"inLanguage\":\"lt-LT\"},{\"@type\":\"Organization\",\"@id\":\"https:\\\/\\\/thingstories.com\\\/lt\\\/#organization\",\"name\":\"Thing Stories\",\"url\":\"https:\\\/\\\/thingstories.com\\\/lt\\\/\",\"logo\":{\"@type\":\"ImageObject\",\"inLanguage\":\"lt-LT\",\"@id\":\"https:\\\/\\\/thingstories.com\\\/lt\\\/#\\\/schema\\\/logo\\\/image\\\/\",\"url\":\"https:\\\/\\\/thingstories.com\\\/wp-content\\\/uploads\\\/2023\\\/04\\\/logo.svg\",\"contentUrl\":\"https:\\\/\\\/thingstories.com\\\/wp-content\\\/uploads\\\/2023\\\/04\\\/logo.svg\",\"width\":165,\"height\":48,\"caption\":\"Thing Stories\"},\"image\":{\"@id\":\"https:\\\/\\\/thingstories.com\\\/lt\\\/#\\\/schema\\\/logo\\\/image\\\/\"},\"sameAs\":[\"https:\\\/\\\/www.facebook.com\\\/thingstories\",\"https:\\\/\\\/x.com\\\/Thing_Stories\",\"https:\\\/\\\/www.instagram.com\\\/thing_stories\\\/\",\"https:\\\/\\\/www.pinterest.com\\\/thingstories\\\/\",\"https:\\\/\\\/www.youtube.com\\\/channel\\\/UCpJAGpQV1_ERqXtLvk-M0yA\",\"https:\\\/\\\/www.linkedin.com\\\/company\\\/thing-stories\\\/?viewAsMember=true\"]}]}<\/script>\n<!-- \/ Yoast SEO plugin. -->","yoast_head_json":{"title":"Lino istorija | Thing Stories","description":"Iki \u0161iol nesutariama, kur linas atsirado pirmiausiai - senais laikais jis buvo populiarus Kinijoje ir Indijoje, o egiptie\u010diai j\u012f naudojo ne tik r\u016bbams, bur\u0117ms ar virv\u0117ms, bet ir mumifikacijai. Visgi, b\u016bt\u0173 sunku nesutikti, jog ir Europoje bei m\u016bs\u0173 \u0161alyje, Lietuvoje, \u0161is augalas siejamas su giliomis tradicijomis - prie\u0161 daugiau kaip 4000 met\u0173 m\u016bs\u0173 \u0161al\u012f pasiek\u0119s linas sugeb\u0117jo tapti vienu i\u0161 tautos simboli\u0173.Pirmiausia reik\u0117t\u0173 pamin\u0117ti, jog lin\u0173 auginimo procesas yra kur kas ilgesnis ir sud\u0117tingesnis nei kit\u0173 augal\u0173, ta\u010diau senov\u0117s lietuviai \u012f \u0161\u012f proces\u0105 \u017ei\u016br\u0117jo atsakingai. \u012e \u0161\u012f darb\u0105 tuomet \u012fsitraukdavo visa \u0161eima: kas lau\u017eydavo stiebelius, kas \u0161ukuodavo ar ausdavo\u2026 Tikriausiai tai viena i\u0161 prie\u017eas\u010di\u0173, kod\u0117l lininiai gaminiai ir dabar dvelkia jaukumu, o \u012f \u0161\u012f audin\u012f susipina ne tik \u0161eimos, bet ir visos bendruomen\u0117s vertyb\u0117s.","robots":{"index":"index","follow":"follow","max-snippet":"max-snippet:-1","max-image-preview":"max-image-preview:large","max-video-preview":"max-video-preview:-1"},"canonical":"https:\/\/thingstories.com\/linen-story-and-history\/","og_locale":"lt_LT","og_type":"article","og_title":"Lino istorija | Thing Stories","og_description":"Iki \u0161iol nesutariama, kur linas atsirado pirmiausiai - senais laikais jis buvo populiarus Kinijoje ir Indijoje, o egiptie\u010diai j\u012f naudojo ne tik r\u016bbams, bur\u0117ms ar virv\u0117ms, bet ir mumifikacijai. Visgi, b\u016bt\u0173 sunku nesutikti, jog ir Europoje bei m\u016bs\u0173 \u0161alyje, Lietuvoje, \u0161is augalas siejamas su giliomis tradicijomis - prie\u0161 daugiau kaip 4000 met\u0173 m\u016bs\u0173 \u0161al\u012f pasiek\u0119s linas sugeb\u0117jo tapti vienu i\u0161 tautos simboli\u0173.Pirmiausia reik\u0117t\u0173 pamin\u0117ti, jog lin\u0173 auginimo procesas yra kur kas ilgesnis ir sud\u0117tingesnis nei kit\u0173 augal\u0173, ta\u010diau senov\u0117s lietuviai \u012f \u0161\u012f proces\u0105 \u017ei\u016br\u0117jo atsakingai. \u012e \u0161\u012f darb\u0105 tuomet \u012fsitraukdavo visa \u0161eima: kas lau\u017eydavo stiebelius, kas \u0161ukuodavo ar ausdavo\u2026 Tikriausiai tai viena i\u0161 prie\u017eas\u010di\u0173, kod\u0117l lininiai gaminiai ir dabar dvelkia jaukumu, o \u012f \u0161\u012f audin\u012f susipina ne tik \u0161eimos, bet ir visos bendruomen\u0117s vertyb\u0117s.","og_url":"https:\/\/thingstories.com\/linen-story-and-history\/","og_site_name":"Thing Stories","article_publisher":"https:\/\/www.facebook.com\/thingstories","article_modified_time":"2023-03-15T14:33:37+00:00","og_image":[{"url":"https:\/\/thingstories.com\/wp-admin\/uploads\/og_image.png","width":1200,"height":630,"type":"image\/png"}],"twitter_card":"summary_large_image","twitter_site":"@Thing_Stories","schema":{"@context":"https:\/\/schema.org","@graph":[{"@type":"WebPage","@id":"https:\/\/thingstories.com\/linen-story-and-history\/","url":"https:\/\/thingstories.com\/linen-story-and-history\/","name":"Lino istorija | Thing Stories","isPartOf":{"@id":"https:\/\/thingstories.com\/lt\/#website"},"datePublished":"2022-01-07T18:53:52+00:00","dateModified":"2023-03-15T14:33:37+00:00","description":"Iki \u0161iol nesutariama, kur linas atsirado pirmiausiai - senais laikais jis buvo populiarus Kinijoje ir Indijoje, o egiptie\u010diai j\u012f naudojo ne tik r\u016bbams, bur\u0117ms ar virv\u0117ms, bet ir mumifikacijai. Visgi, b\u016bt\u0173 sunku nesutikti, jog ir Europoje bei m\u016bs\u0173 \u0161alyje, Lietuvoje, \u0161is augalas siejamas su giliomis tradicijomis - prie\u0161 daugiau kaip 4000 met\u0173 m\u016bs\u0173 \u0161al\u012f pasiek\u0119s linas sugeb\u0117jo tapti vienu i\u0161 tautos simboli\u0173.Pirmiausia reik\u0117t\u0173 pamin\u0117ti, jog lin\u0173 auginimo procesas yra kur kas ilgesnis ir sud\u0117tingesnis nei kit\u0173 augal\u0173, ta\u010diau senov\u0117s lietuviai \u012f \u0161\u012f proces\u0105 \u017ei\u016br\u0117jo atsakingai. \u012e \u0161\u012f darb\u0105 tuomet \u012fsitraukdavo visa \u0161eima: kas lau\u017eydavo stiebelius, kas \u0161ukuodavo ar ausdavo\u2026 Tikriausiai tai viena i\u0161 prie\u017eas\u010di\u0173, kod\u0117l lininiai gaminiai ir dabar dvelkia jaukumu, o \u012f \u0161\u012f audin\u012f susipina ne tik \u0161eimos, bet ir visos bendruomen\u0117s vertyb\u0117s.","breadcrumb":{"@id":"https:\/\/thingstories.com\/linen-story-and-history\/#breadcrumb"},"inLanguage":"lt-LT","potentialAction":[{"@type":"ReadAction","target":["https:\/\/thingstories.com\/linen-story-and-history\/"]}]},{"@type":"BreadcrumbList","@id":"https:\/\/thingstories.com\/linen-story-and-history\/#breadcrumb","itemListElement":[{"@type":"ListItem","position":1,"name":"Home","item":"https:\/\/thingstories.com\/lt\/"},{"@type":"ListItem","position":2,"name":"Lino istorija"}]},{"@type":"WebSite","@id":"https:\/\/thingstories.com\/lt\/#website","url":"https:\/\/thingstories.com\/lt\/","name":"Thing Stories","description":"Just another WordPress site","publisher":{"@id":"https:\/\/thingstories.com\/lt\/#organization"},"potentialAction":[{"@type":"SearchAction","target":{"@type":"EntryPoint","urlTemplate":"https:\/\/thingstories.com\/lt\/?s={search_term_string}"},"query-input":{"@type":"PropertyValueSpecification","valueRequired":true,"valueName":"search_term_string"}}],"inLanguage":"lt-LT"},{"@type":"Organization","@id":"https:\/\/thingstories.com\/lt\/#organization","name":"Thing Stories","url":"https:\/\/thingstories.com\/lt\/","logo":{"@type":"ImageObject","inLanguage":"lt-LT","@id":"https:\/\/thingstories.com\/lt\/#\/schema\/logo\/image\/","url":"https:\/\/thingstories.com\/wp-content\/uploads\/2023\/04\/logo.svg","contentUrl":"https:\/\/thingstories.com\/wp-content\/uploads\/2023\/04\/logo.svg","width":165,"height":48,"caption":"Thing Stories"},"image":{"@id":"https:\/\/thingstories.com\/lt\/#\/schema\/logo\/image\/"},"sameAs":["https:\/\/www.facebook.com\/thingstories","https:\/\/x.com\/Thing_Stories","https:\/\/www.instagram.com\/thing_stories\/","https:\/\/www.pinterest.com\/thingstories\/","https:\/\/www.youtube.com\/channel\/UCpJAGpQV1_ERqXtLvk-M0yA","https:\/\/www.linkedin.com\/company\/thing-stories\/?viewAsMember=true"]}]}},"_links":{"self":[{"href":"https:\/\/thingstories.com\/lt\/wp-json\/wp\/v2\/pages\/479","targetHints":{"allow":["GET"]}}],"collection":[{"href":"https:\/\/thingstories.com\/lt\/wp-json\/wp\/v2\/pages"}],"about":[{"href":"https:\/\/thingstories.com\/lt\/wp-json\/wp\/v2\/types\/page"}],"author":[{"embeddable":true,"href":"https:\/\/thingstories.com\/lt\/wp-json\/wp\/v2\/users\/11"}],"replies":[{"embeddable":true,"href":"https:\/\/thingstories.com\/lt\/wp-json\/wp\/v2\/comments?post=479"}],"version-history":[{"count":18,"href":"https:\/\/thingstories.com\/lt\/wp-json\/wp\/v2\/pages\/479\/revisions"}],"predecessor-version":[{"id":12952,"href":"https:\/\/thingstories.com\/lt\/wp-json\/wp\/v2\/pages\/479\/revisions\/12952"}],"wp:attachment":[{"href":"https:\/\/thingstories.com\/lt\/wp-json\/wp\/v2\/media?parent=479"}],"curies":[{"name":"wp","href":"https:\/\/api.w.org\/{rel}","templated":true}]}}