{"id":234,"date":"2022-01-02T23:23:16","date_gmt":"2022-01-02T23:23:16","guid":{"rendered":"https:\/\/thingstories.local\/?page_id=234"},"modified":"2023-03-15T14:37:21","modified_gmt":"2023-03-15T14:37:21","slug":"apie-mus","status":"publish","type":"page","link":"https:\/\/thingstories.com\/lt\/apie-mus\/","title":{"rendered":"Apie mus"},"content":{"rendered":"","protected":false},"excerpt":{"rendered":"","protected":false},"author":11,"featured_media":0,"parent":0,"menu_order":0,"comment_status":"closed","ping_status":"closed","template":"template-aboutus.php","meta":{"_acf_changed":false,"footnotes":""},"class_list":["post-234","page","type-page","status-publish","hentry"],"acf":[],"yoast_head":"<!-- This site is optimized with the Yoast SEO plugin v27.4 - https:\/\/yoast.com\/product\/yoast-seo-wordpress\/ -->\n<title>Apie mus | Thing Stories<\/title>\n<meta name=\"description\" content=\"\u201eThing Stories\u201c produktai palengvina buit\u012f ir lengvai \u012fsilieja \u012f vyraujant\u012f interjer\u0105, tuo pa\u010diu \u012f j\u012f \u012fne\u0161dami savitumo, rafinuotos elegancijos ir suteikdami \u012fkv\u0117pimo \u2500 keisti, kurti ir dalintis. Net ir tuomet, jei iki \u0161iol nat\u016bralumas Jums nebuvo artimas, \u012ftrauk\u0119 \u012f nam\u0173 aplink\u0105 kelis naujus aksesuarus, prad\u0117site kurti nauj\u0105 j\u0173 istorij\u0105 \u2500 \u010dia neegzistuoja jokios grie\u017etos taisykl\u0117s.\" \/>\n<meta name=\"robots\" content=\"index, follow, max-snippet:-1, max-image-preview:large, max-video-preview:-1\" \/>\n<link rel=\"canonical\" href=\"https:\/\/thingstories.com\/about-us\/\" \/>\n<meta property=\"og:locale\" content=\"lt_LT\" \/>\n<meta property=\"og:type\" content=\"article\" \/>\n<meta property=\"og:title\" content=\"Apie mus | Thing Stories\" \/>\n<meta property=\"og:description\" content=\"\u201eThing Stories\u201c produktai palengvina buit\u012f ir lengvai \u012fsilieja \u012f vyraujant\u012f interjer\u0105, tuo pa\u010diu \u012f j\u012f \u012fne\u0161dami savitumo, rafinuotos elegancijos ir suteikdami \u012fkv\u0117pimo \u2500 keisti, kurti ir dalintis. Net ir tuomet, jei iki \u0161iol nat\u016bralumas Jums nebuvo artimas, \u012ftrauk\u0119 \u012f nam\u0173 aplink\u0105 kelis naujus aksesuarus, prad\u0117site kurti nauj\u0105 j\u0173 istorij\u0105 \u2500 \u010dia neegzistuoja jokios grie\u017etos taisykl\u0117s.\" \/>\n<meta property=\"og:url\" content=\"https:\/\/thingstories.com\/about-us\/\" \/>\n<meta property=\"og:site_name\" content=\"Thing Stories\" \/>\n<meta property=\"article:publisher\" content=\"https:\/\/www.facebook.com\/thingstories\" \/>\n<meta property=\"article:modified_time\" content=\"2023-03-15T14:37:21+00:00\" \/>\n<meta property=\"og:image\" content=\"https:\/\/thingstories.com\/wp-admin\/uploads\/og_image.png\" \/>\n\t<meta property=\"og:image:width\" content=\"1200\" \/>\n\t<meta property=\"og:image:height\" content=\"630\" \/>\n\t<meta property=\"og:image:type\" content=\"image\/png\" \/>\n<meta name=\"twitter:card\" content=\"summary_large_image\" \/>\n<meta name=\"twitter:site\" content=\"@Thing_Stories\" \/>\n<script type=\"application\/ld+json\" class=\"yoast-schema-graph\">{\"@context\":\"https:\\\/\\\/schema.org\",\"@graph\":[{\"@type\":\"WebPage\",\"@id\":\"https:\\\/\\\/thingstories.com\\\/about-us\\\/\",\"url\":\"https:\\\/\\\/thingstories.com\\\/about-us\\\/\",\"name\":\"Apie mus | Thing Stories\",\"isPartOf\":{\"@id\":\"https:\\\/\\\/thingstories.com\\\/lt\\\/#website\"},\"datePublished\":\"2022-01-02T23:23:16+00:00\",\"dateModified\":\"2023-03-15T14:37:21+00:00\",\"description\":\"\u201eThing Stories\u201c produktai palengvina buit\u012f ir lengvai \u012fsilieja \u012f vyraujant\u012f interjer\u0105, tuo pa\u010diu \u012f j\u012f \u012fne\u0161dami savitumo, rafinuotos elegancijos ir suteikdami \u012fkv\u0117pimo \u2500 keisti, kurti ir dalintis. Net ir tuomet, jei iki \u0161iol nat\u016bralumas Jums nebuvo artimas, \u012ftrauk\u0119 \u012f nam\u0173 aplink\u0105 kelis naujus aksesuarus, prad\u0117site kurti nauj\u0105 j\u0173 istorij\u0105 \u2500 \u010dia neegzistuoja jokios grie\u017etos taisykl\u0117s.\",\"breadcrumb\":{\"@id\":\"https:\\\/\\\/thingstories.com\\\/about-us\\\/#breadcrumb\"},\"inLanguage\":\"lt-LT\",\"potentialAction\":[{\"@type\":\"ReadAction\",\"target\":[\"https:\\\/\\\/thingstories.com\\\/about-us\\\/\"]}]},{\"@type\":\"BreadcrumbList\",\"@id\":\"https:\\\/\\\/thingstories.com\\\/about-us\\\/#breadcrumb\",\"itemListElement\":[{\"@type\":\"ListItem\",\"position\":1,\"name\":\"Home\",\"item\":\"https:\\\/\\\/thingstories.com\\\/lt\\\/\"},{\"@type\":\"ListItem\",\"position\":2,\"name\":\"Apie mus\"}]},{\"@type\":\"WebSite\",\"@id\":\"https:\\\/\\\/thingstories.com\\\/lt\\\/#website\",\"url\":\"https:\\\/\\\/thingstories.com\\\/lt\\\/\",\"name\":\"Thing Stories\",\"description\":\"Just another WordPress site\",\"publisher\":{\"@id\":\"https:\\\/\\\/thingstories.com\\\/lt\\\/#organization\"},\"potentialAction\":[{\"@type\":\"SearchAction\",\"target\":{\"@type\":\"EntryPoint\",\"urlTemplate\":\"https:\\\/\\\/thingstories.com\\\/lt\\\/?s={search_term_string}\"},\"query-input\":{\"@type\":\"PropertyValueSpecification\",\"valueRequired\":true,\"valueName\":\"search_term_string\"}}],\"inLanguage\":\"lt-LT\"},{\"@type\":\"Organization\",\"@id\":\"https:\\\/\\\/thingstories.com\\\/lt\\\/#organization\",\"name\":\"Thing Stories\",\"url\":\"https:\\\/\\\/thingstories.com\\\/lt\\\/\",\"logo\":{\"@type\":\"ImageObject\",\"inLanguage\":\"lt-LT\",\"@id\":\"https:\\\/\\\/thingstories.com\\\/lt\\\/#\\\/schema\\\/logo\\\/image\\\/\",\"url\":\"https:\\\/\\\/thingstories.com\\\/wp-content\\\/uploads\\\/2023\\\/04\\\/logo.svg\",\"contentUrl\":\"https:\\\/\\\/thingstories.com\\\/wp-content\\\/uploads\\\/2023\\\/04\\\/logo.svg\",\"width\":165,\"height\":48,\"caption\":\"Thing Stories\"},\"image\":{\"@id\":\"https:\\\/\\\/thingstories.com\\\/lt\\\/#\\\/schema\\\/logo\\\/image\\\/\"},\"sameAs\":[\"https:\\\/\\\/www.facebook.com\\\/thingstories\",\"https:\\\/\\\/x.com\\\/Thing_Stories\",\"https:\\\/\\\/www.instagram.com\\\/thing_stories\\\/\",\"https:\\\/\\\/www.pinterest.com\\\/thingstories\\\/\",\"https:\\\/\\\/www.youtube.com\\\/channel\\\/UCpJAGpQV1_ERqXtLvk-M0yA\",\"https:\\\/\\\/www.linkedin.com\\\/company\\\/thing-stories\\\/?viewAsMember=true\"]}]}<\/script>\n<!-- \/ Yoast SEO plugin. -->","yoast_head_json":{"title":"Apie mus | Thing Stories","description":"\u201eThing Stories\u201c produktai palengvina buit\u012f ir lengvai \u012fsilieja \u012f vyraujant\u012f interjer\u0105, tuo pa\u010diu \u012f j\u012f \u012fne\u0161dami savitumo, rafinuotos elegancijos ir suteikdami \u012fkv\u0117pimo \u2500 keisti, kurti ir dalintis. Net ir tuomet, jei iki \u0161iol nat\u016bralumas Jums nebuvo artimas, \u012ftrauk\u0119 \u012f nam\u0173 aplink\u0105 kelis naujus aksesuarus, prad\u0117site kurti nauj\u0105 j\u0173 istorij\u0105 \u2500 \u010dia neegzistuoja jokios grie\u017etos taisykl\u0117s.","robots":{"index":"index","follow":"follow","max-snippet":"max-snippet:-1","max-image-preview":"max-image-preview:large","max-video-preview":"max-video-preview:-1"},"canonical":"https:\/\/thingstories.com\/about-us\/","og_locale":"lt_LT","og_type":"article","og_title":"Apie mus | Thing Stories","og_description":"\u201eThing Stories\u201c produktai palengvina buit\u012f ir lengvai \u012fsilieja \u012f vyraujant\u012f interjer\u0105, tuo pa\u010diu \u012f j\u012f \u012fne\u0161dami savitumo, rafinuotos elegancijos ir suteikdami \u012fkv\u0117pimo \u2500 keisti, kurti ir dalintis. Net ir tuomet, jei iki \u0161iol nat\u016bralumas Jums nebuvo artimas, \u012ftrauk\u0119 \u012f nam\u0173 aplink\u0105 kelis naujus aksesuarus, prad\u0117site kurti nauj\u0105 j\u0173 istorij\u0105 \u2500 \u010dia neegzistuoja jokios grie\u017etos taisykl\u0117s.","og_url":"https:\/\/thingstories.com\/about-us\/","og_site_name":"Thing Stories","article_publisher":"https:\/\/www.facebook.com\/thingstories","article_modified_time":"2023-03-15T14:37:21+00:00","og_image":[{"url":"https:\/\/thingstories.com\/wp-admin\/uploads\/og_image.png","width":1200,"height":630,"type":"image\/png"}],"twitter_card":"summary_large_image","twitter_site":"@Thing_Stories","schema":{"@context":"https:\/\/schema.org","@graph":[{"@type":"WebPage","@id":"https:\/\/thingstories.com\/about-us\/","url":"https:\/\/thingstories.com\/about-us\/","name":"Apie mus | Thing Stories","isPartOf":{"@id":"https:\/\/thingstories.com\/lt\/#website"},"datePublished":"2022-01-02T23:23:16+00:00","dateModified":"2023-03-15T14:37:21+00:00","description":"\u201eThing Stories\u201c produktai palengvina buit\u012f ir lengvai \u012fsilieja \u012f vyraujant\u012f interjer\u0105, tuo pa\u010diu \u012f j\u012f \u012fne\u0161dami savitumo, rafinuotos elegancijos ir suteikdami \u012fkv\u0117pimo \u2500 keisti, kurti ir dalintis. Net ir tuomet, jei iki \u0161iol nat\u016bralumas Jums nebuvo artimas, \u012ftrauk\u0119 \u012f nam\u0173 aplink\u0105 kelis naujus aksesuarus, prad\u0117site kurti nauj\u0105 j\u0173 istorij\u0105 \u2500 \u010dia neegzistuoja jokios grie\u017etos taisykl\u0117s.","breadcrumb":{"@id":"https:\/\/thingstories.com\/about-us\/#breadcrumb"},"inLanguage":"lt-LT","potentialAction":[{"@type":"ReadAction","target":["https:\/\/thingstories.com\/about-us\/"]}]},{"@type":"BreadcrumbList","@id":"https:\/\/thingstories.com\/about-us\/#breadcrumb","itemListElement":[{"@type":"ListItem","position":1,"name":"Home","item":"https:\/\/thingstories.com\/lt\/"},{"@type":"ListItem","position":2,"name":"Apie mus"}]},{"@type":"WebSite","@id":"https:\/\/thingstories.com\/lt\/#website","url":"https:\/\/thingstories.com\/lt\/","name":"Thing Stories","description":"Just another WordPress site","publisher":{"@id":"https:\/\/thingstories.com\/lt\/#organization"},"potentialAction":[{"@type":"SearchAction","target":{"@type":"EntryPoint","urlTemplate":"https:\/\/thingstories.com\/lt\/?s={search_term_string}"},"query-input":{"@type":"PropertyValueSpecification","valueRequired":true,"valueName":"search_term_string"}}],"inLanguage":"lt-LT"},{"@type":"Organization","@id":"https:\/\/thingstories.com\/lt\/#organization","name":"Thing Stories","url":"https:\/\/thingstories.com\/lt\/","logo":{"@type":"ImageObject","inLanguage":"lt-LT","@id":"https:\/\/thingstories.com\/lt\/#\/schema\/logo\/image\/","url":"https:\/\/thingstories.com\/wp-content\/uploads\/2023\/04\/logo.svg","contentUrl":"https:\/\/thingstories.com\/wp-content\/uploads\/2023\/04\/logo.svg","width":165,"height":48,"caption":"Thing Stories"},"image":{"@id":"https:\/\/thingstories.com\/lt\/#\/schema\/logo\/image\/"},"sameAs":["https:\/\/www.facebook.com\/thingstories","https:\/\/x.com\/Thing_Stories","https:\/\/www.instagram.com\/thing_stories\/","https:\/\/www.pinterest.com\/thingstories\/","https:\/\/www.youtube.com\/channel\/UCpJAGpQV1_ERqXtLvk-M0yA","https:\/\/www.linkedin.com\/company\/thing-stories\/?viewAsMember=true"]}]}},"_links":{"self":[{"href":"https:\/\/thingstories.com\/lt\/wp-json\/wp\/v2\/pages\/234","targetHints":{"allow":["GET"]}}],"collection":[{"href":"https:\/\/thingstories.com\/lt\/wp-json\/wp\/v2\/pages"}],"about":[{"href":"https:\/\/thingstories.com\/lt\/wp-json\/wp\/v2\/types\/page"}],"author":[{"embeddable":true,"href":"https:\/\/thingstories.com\/lt\/wp-json\/wp\/v2\/users\/11"}],"replies":[{"embeddable":true,"href":"https:\/\/thingstories.com\/lt\/wp-json\/wp\/v2\/comments?post=234"}],"version-history":[{"count":11,"href":"https:\/\/thingstories.com\/lt\/wp-json\/wp\/v2\/pages\/234\/revisions"}],"predecessor-version":[{"id":12953,"href":"https:\/\/thingstories.com\/lt\/wp-json\/wp\/v2\/pages\/234\/revisions\/12953"}],"wp:attachment":[{"href":"https:\/\/thingstories.com\/lt\/wp-json\/wp\/v2\/media?parent=234"}],"curies":[{"name":"wp","href":"https:\/\/api.w.org\/{rel}","templated":true}]}}