{"id":16,"date":"2022-01-01T19:05:12","date_gmt":"2022-01-01T19:05:12","guid":{"rendered":"https:\/\/thingstories.local\/?page_id=16"},"modified":"2023-11-24T12:19:59","modified_gmt":"2023-11-24T09:19:59","slug":"pagrindinis-2","status":"publish","type":"page","link":"https:\/\/thingstories.com\/lt\/","title":{"rendered":"Pagrindinis"},"content":{"rendered":"","protected":false},"excerpt":{"rendered":"","protected":false},"author":11,"featured_media":0,"parent":0,"menu_order":0,"comment_status":"closed","ping_status":"closed","template":"template-homepage.php","meta":{"_acf_changed":false,"footnotes":""},"class_list":["post-16","page","type-page","status-publish","hentry"],"acf":[],"yoast_head":"<!-- This site is optimized with the Yoast SEO plugin v27.4 - https:\/\/yoast.com\/product\/yoast-seo-wordpress\/ -->\n<title>Pagrindinis | Thing Stories<\/title>\n<meta name=\"description\" content=\"Kiekvienas daiktas pas mus patenka su prie\u017eastimi ir sava istorija. Vertiname tai, kas tikra ir nat\u016bralu, tod\u0117l \u201eThing Stories\u201c vyrauja auk\u0161\u010diausios kokyb\u0117s lino gaminiai, persipyn\u0119 su lietuvi\u0161komis tradicijomis ir namuose kuriantys vert\u0119. Sutinkame, jog mus supantys daiktai atspindi m\u016bs\u0173 vertybes ir sukuria tam tikr\u0105 atmosfer\u0105, ta\u010diau svarbiau u\u017e juos esame patys \u2500 b\u016btent d\u0117l to daugiau d\u0117mesio skiriame ne kiekybei, bet kokybei. Ma\u017eiau daikt\u0173 palieka daugiau erdv\u0117s m\u016bs\u0173 pa\u010di\u0173 svajon\u0117ms, bendram \u0161eimos laikui ir tikrosioms \u0161eimos vertyb\u0117ms, tod\u0117l skatiname atsaking\u0105 daikt\u0173 vartojim\u0105. Lininiai audiniai yra vieni ilgaam\u017ei\u0161kiausi\u0173 \u2500 naudodami \u0161i\u0105 med\u017eiag\u0105, siekiame suma\u017einti masin\u012f pirkim\u0105 ir prisid\u0117ti prie ekologi\u0161k\u0173 vertybi\u0173 i\u0161saugojimo.\" \/>\n<meta name=\"robots\" content=\"index, follow, max-snippet:-1, max-image-preview:large, max-video-preview:-1\" \/>\n<link rel=\"canonical\" href=\"https:\/\/thingstories.com\/lt\/\" \/>\n<meta property=\"og:locale\" content=\"lt_LT\" \/>\n<meta property=\"og:type\" content=\"article\" \/>\n<meta property=\"og:title\" content=\"Pagrindinis | Thing Stories\" \/>\n<meta property=\"og:description\" content=\"Kiekvienas daiktas pas mus patenka su prie\u017eastimi ir sava istorija. Vertiname tai, kas tikra ir nat\u016bralu, tod\u0117l \u201eThing Stories\u201c vyrauja auk\u0161\u010diausios kokyb\u0117s lino gaminiai, persipyn\u0119 su lietuvi\u0161komis tradicijomis ir namuose kuriantys vert\u0119. Sutinkame, jog mus supantys daiktai atspindi m\u016bs\u0173 vertybes ir sukuria tam tikr\u0105 atmosfer\u0105, ta\u010diau svarbiau u\u017e juos esame patys \u2500 b\u016btent d\u0117l to daugiau d\u0117mesio skiriame ne kiekybei, bet kokybei. Ma\u017eiau daikt\u0173 palieka daugiau erdv\u0117s m\u016bs\u0173 pa\u010di\u0173 svajon\u0117ms, bendram \u0161eimos laikui ir tikrosioms \u0161eimos vertyb\u0117ms, tod\u0117l skatiname atsaking\u0105 daikt\u0173 vartojim\u0105. Lininiai audiniai yra vieni ilgaam\u017ei\u0161kiausi\u0173 \u2500 naudodami \u0161i\u0105 med\u017eiag\u0105, siekiame suma\u017einti masin\u012f pirkim\u0105 ir prisid\u0117ti prie ekologi\u0161k\u0173 vertybi\u0173 i\u0161saugojimo.\" \/>\n<meta property=\"og:url\" content=\"https:\/\/thingstories.com\/lt\/\" \/>\n<meta property=\"og:site_name\" content=\"Thing Stories\" \/>\n<meta property=\"article:publisher\" content=\"https:\/\/www.facebook.com\/thingstories\" \/>\n<meta property=\"article:modified_time\" content=\"2023-11-24T09:19:59+00:00\" \/>\n<meta property=\"og:image\" content=\"https:\/\/thingstories.com\/wp-admin\/uploads\/og_image.png\" \/>\n\t<meta property=\"og:image:width\" content=\"1200\" \/>\n\t<meta property=\"og:image:height\" content=\"630\" \/>\n\t<meta property=\"og:image:type\" content=\"image\/png\" \/>\n<meta name=\"twitter:card\" content=\"summary_large_image\" \/>\n<meta name=\"twitter:site\" content=\"@Thing_Stories\" \/>\n<script type=\"application\/ld+json\" class=\"yoast-schema-graph\">{\"@context\":\"https:\\\/\\\/schema.org\",\"@graph\":[{\"@type\":\"WebPage\",\"@id\":\"https:\\\/\\\/thingstories.com\\\/lt\\\/\",\"url\":\"https:\\\/\\\/thingstories.com\\\/lt\\\/\",\"name\":\"Pagrindinis | Thing Stories\",\"isPartOf\":{\"@id\":\"https:\\\/\\\/thingstories.com\\\/lt\\\/#website\"},\"datePublished\":\"2022-01-01T19:05:12+00:00\",\"dateModified\":\"2023-11-24T09:19:59+00:00\",\"description\":\"Kiekvienas daiktas pas mus patenka su prie\u017eastimi ir sava istorija. Vertiname tai, kas tikra ir nat\u016bralu, tod\u0117l \u201eThing Stories\u201c vyrauja auk\u0161\u010diausios kokyb\u0117s lino gaminiai, persipyn\u0119 su lietuvi\u0161komis tradicijomis ir namuose kuriantys vert\u0119. Sutinkame, jog mus supantys daiktai atspindi m\u016bs\u0173 vertybes ir sukuria tam tikr\u0105 atmosfer\u0105, ta\u010diau svarbiau u\u017e juos esame patys \u2500 b\u016btent d\u0117l to daugiau d\u0117mesio skiriame ne kiekybei, bet kokybei. Ma\u017eiau daikt\u0173 palieka daugiau erdv\u0117s m\u016bs\u0173 pa\u010di\u0173 svajon\u0117ms, bendram \u0161eimos laikui ir tikrosioms \u0161eimos vertyb\u0117ms, tod\u0117l skatiname atsaking\u0105 daikt\u0173 vartojim\u0105. Lininiai audiniai yra vieni ilgaam\u017ei\u0161kiausi\u0173 \u2500 naudodami \u0161i\u0105 med\u017eiag\u0105, siekiame suma\u017einti masin\u012f pirkim\u0105 ir prisid\u0117ti prie ekologi\u0161k\u0173 vertybi\u0173 i\u0161saugojimo.\",\"breadcrumb\":{\"@id\":\"https:\\\/\\\/thingstories.com\\\/lt\\\/#breadcrumb\"},\"inLanguage\":\"lt-LT\",\"potentialAction\":[{\"@type\":\"ReadAction\",\"target\":[\"https:\\\/\\\/thingstories.com\\\/lt\\\/\"]}]},{\"@type\":\"BreadcrumbList\",\"@id\":\"https:\\\/\\\/thingstories.com\\\/lt\\\/#breadcrumb\",\"itemListElement\":[{\"@type\":\"ListItem\",\"position\":1,\"name\":\"Home\",\"item\":\"https:\\\/\\\/thingstories.com\\\/lt\\\/\"},{\"@type\":\"ListItem\",\"position\":2,\"name\":\"Pagrindinis\"}]},{\"@type\":\"WebSite\",\"@id\":\"https:\\\/\\\/thingstories.com\\\/lt\\\/#website\",\"url\":\"https:\\\/\\\/thingstories.com\\\/lt\\\/\",\"name\":\"Thing Stories\",\"description\":\"Just another WordPress site\",\"publisher\":{\"@id\":\"https:\\\/\\\/thingstories.com\\\/lt\\\/#organization\"},\"potentialAction\":[{\"@type\":\"SearchAction\",\"target\":{\"@type\":\"EntryPoint\",\"urlTemplate\":\"https:\\\/\\\/thingstories.com\\\/lt\\\/?s={search_term_string}\"},\"query-input\":{\"@type\":\"PropertyValueSpecification\",\"valueRequired\":true,\"valueName\":\"search_term_string\"}}],\"inLanguage\":\"lt-LT\"},{\"@type\":\"Organization\",\"@id\":\"https:\\\/\\\/thingstories.com\\\/lt\\\/#organization\",\"name\":\"Thing Stories\",\"url\":\"https:\\\/\\\/thingstories.com\\\/lt\\\/\",\"logo\":{\"@type\":\"ImageObject\",\"inLanguage\":\"lt-LT\",\"@id\":\"https:\\\/\\\/thingstories.com\\\/lt\\\/#\\\/schema\\\/logo\\\/image\\\/\",\"url\":\"https:\\\/\\\/thingstories.com\\\/wp-content\\\/uploads\\\/2023\\\/04\\\/logo.svg\",\"contentUrl\":\"https:\\\/\\\/thingstories.com\\\/wp-content\\\/uploads\\\/2023\\\/04\\\/logo.svg\",\"width\":165,\"height\":48,\"caption\":\"Thing Stories\"},\"image\":{\"@id\":\"https:\\\/\\\/thingstories.com\\\/lt\\\/#\\\/schema\\\/logo\\\/image\\\/\"},\"sameAs\":[\"https:\\\/\\\/www.facebook.com\\\/thingstories\",\"https:\\\/\\\/x.com\\\/Thing_Stories\",\"https:\\\/\\\/www.instagram.com\\\/thing_stories\\\/\",\"https:\\\/\\\/www.pinterest.com\\\/thingstories\\\/\",\"https:\\\/\\\/www.youtube.com\\\/channel\\\/UCpJAGpQV1_ERqXtLvk-M0yA\",\"https:\\\/\\\/www.linkedin.com\\\/company\\\/thing-stories\\\/?viewAsMember=true\"]}]}<\/script>\n<!-- \/ Yoast SEO plugin. -->","yoast_head_json":{"title":"Pagrindinis | Thing Stories","description":"Kiekvienas daiktas pas mus patenka su prie\u017eastimi ir sava istorija. Vertiname tai, kas tikra ir nat\u016bralu, tod\u0117l \u201eThing Stories\u201c vyrauja auk\u0161\u010diausios kokyb\u0117s lino gaminiai, persipyn\u0119 su lietuvi\u0161komis tradicijomis ir namuose kuriantys vert\u0119. Sutinkame, jog mus supantys daiktai atspindi m\u016bs\u0173 vertybes ir sukuria tam tikr\u0105 atmosfer\u0105, ta\u010diau svarbiau u\u017e juos esame patys \u2500 b\u016btent d\u0117l to daugiau d\u0117mesio skiriame ne kiekybei, bet kokybei. Ma\u017eiau daikt\u0173 palieka daugiau erdv\u0117s m\u016bs\u0173 pa\u010di\u0173 svajon\u0117ms, bendram \u0161eimos laikui ir tikrosioms \u0161eimos vertyb\u0117ms, tod\u0117l skatiname atsaking\u0105 daikt\u0173 vartojim\u0105. Lininiai audiniai yra vieni ilgaam\u017ei\u0161kiausi\u0173 \u2500 naudodami \u0161i\u0105 med\u017eiag\u0105, siekiame suma\u017einti masin\u012f pirkim\u0105 ir prisid\u0117ti prie ekologi\u0161k\u0173 vertybi\u0173 i\u0161saugojimo.","robots":{"index":"index","follow":"follow","max-snippet":"max-snippet:-1","max-image-preview":"max-image-preview:large","max-video-preview":"max-video-preview:-1"},"canonical":"https:\/\/thingstories.com\/lt\/","og_locale":"lt_LT","og_type":"article","og_title":"Pagrindinis | Thing Stories","og_description":"Kiekvienas daiktas pas mus patenka su prie\u017eastimi ir sava istorija. Vertiname tai, kas tikra ir nat\u016bralu, tod\u0117l \u201eThing Stories\u201c vyrauja auk\u0161\u010diausios kokyb\u0117s lino gaminiai, persipyn\u0119 su lietuvi\u0161komis tradicijomis ir namuose kuriantys vert\u0119. Sutinkame, jog mus supantys daiktai atspindi m\u016bs\u0173 vertybes ir sukuria tam tikr\u0105 atmosfer\u0105, ta\u010diau svarbiau u\u017e juos esame patys \u2500 b\u016btent d\u0117l to daugiau d\u0117mesio skiriame ne kiekybei, bet kokybei. Ma\u017eiau daikt\u0173 palieka daugiau erdv\u0117s m\u016bs\u0173 pa\u010di\u0173 svajon\u0117ms, bendram \u0161eimos laikui ir tikrosioms \u0161eimos vertyb\u0117ms, tod\u0117l skatiname atsaking\u0105 daikt\u0173 vartojim\u0105. Lininiai audiniai yra vieni ilgaam\u017ei\u0161kiausi\u0173 \u2500 naudodami \u0161i\u0105 med\u017eiag\u0105, siekiame suma\u017einti masin\u012f pirkim\u0105 ir prisid\u0117ti prie ekologi\u0161k\u0173 vertybi\u0173 i\u0161saugojimo.","og_url":"https:\/\/thingstories.com\/lt\/","og_site_name":"Thing Stories","article_publisher":"https:\/\/www.facebook.com\/thingstories","article_modified_time":"2023-11-24T09:19:59+00:00","og_image":[{"url":"https:\/\/thingstories.com\/wp-admin\/uploads\/og_image.png","width":1200,"height":630,"type":"image\/png"}],"twitter_card":"summary_large_image","twitter_site":"@Thing_Stories","schema":{"@context":"https:\/\/schema.org","@graph":[{"@type":"WebPage","@id":"https:\/\/thingstories.com\/lt\/","url":"https:\/\/thingstories.com\/lt\/","name":"Pagrindinis | Thing Stories","isPartOf":{"@id":"https:\/\/thingstories.com\/lt\/#website"},"datePublished":"2022-01-01T19:05:12+00:00","dateModified":"2023-11-24T09:19:59+00:00","description":"Kiekvienas daiktas pas mus patenka su prie\u017eastimi ir sava istorija. Vertiname tai, kas tikra ir nat\u016bralu, tod\u0117l \u201eThing Stories\u201c vyrauja auk\u0161\u010diausios kokyb\u0117s lino gaminiai, persipyn\u0119 su lietuvi\u0161komis tradicijomis ir namuose kuriantys vert\u0119. Sutinkame, jog mus supantys daiktai atspindi m\u016bs\u0173 vertybes ir sukuria tam tikr\u0105 atmosfer\u0105, ta\u010diau svarbiau u\u017e juos esame patys \u2500 b\u016btent d\u0117l to daugiau d\u0117mesio skiriame ne kiekybei, bet kokybei. Ma\u017eiau daikt\u0173 palieka daugiau erdv\u0117s m\u016bs\u0173 pa\u010di\u0173 svajon\u0117ms, bendram \u0161eimos laikui ir tikrosioms \u0161eimos vertyb\u0117ms, tod\u0117l skatiname atsaking\u0105 daikt\u0173 vartojim\u0105. Lininiai audiniai yra vieni ilgaam\u017ei\u0161kiausi\u0173 \u2500 naudodami \u0161i\u0105 med\u017eiag\u0105, siekiame suma\u017einti masin\u012f pirkim\u0105 ir prisid\u0117ti prie ekologi\u0161k\u0173 vertybi\u0173 i\u0161saugojimo.","breadcrumb":{"@id":"https:\/\/thingstories.com\/lt\/#breadcrumb"},"inLanguage":"lt-LT","potentialAction":[{"@type":"ReadAction","target":["https:\/\/thingstories.com\/lt\/"]}]},{"@type":"BreadcrumbList","@id":"https:\/\/thingstories.com\/lt\/#breadcrumb","itemListElement":[{"@type":"ListItem","position":1,"name":"Home","item":"https:\/\/thingstories.com\/lt\/"},{"@type":"ListItem","position":2,"name":"Pagrindinis"}]},{"@type":"WebSite","@id":"https:\/\/thingstories.com\/lt\/#website","url":"https:\/\/thingstories.com\/lt\/","name":"Thing Stories","description":"Just another WordPress site","publisher":{"@id":"https:\/\/thingstories.com\/lt\/#organization"},"potentialAction":[{"@type":"SearchAction","target":{"@type":"EntryPoint","urlTemplate":"https:\/\/thingstories.com\/lt\/?s={search_term_string}"},"query-input":{"@type":"PropertyValueSpecification","valueRequired":true,"valueName":"search_term_string"}}],"inLanguage":"lt-LT"},{"@type":"Organization","@id":"https:\/\/thingstories.com\/lt\/#organization","name":"Thing Stories","url":"https:\/\/thingstories.com\/lt\/","logo":{"@type":"ImageObject","inLanguage":"lt-LT","@id":"https:\/\/thingstories.com\/lt\/#\/schema\/logo\/image\/","url":"https:\/\/thingstories.com\/wp-content\/uploads\/2023\/04\/logo.svg","contentUrl":"https:\/\/thingstories.com\/wp-content\/uploads\/2023\/04\/logo.svg","width":165,"height":48,"caption":"Thing Stories"},"image":{"@id":"https:\/\/thingstories.com\/lt\/#\/schema\/logo\/image\/"},"sameAs":["https:\/\/www.facebook.com\/thingstories","https:\/\/x.com\/Thing_Stories","https:\/\/www.instagram.com\/thing_stories\/","https:\/\/www.pinterest.com\/thingstories\/","https:\/\/www.youtube.com\/channel\/UCpJAGpQV1_ERqXtLvk-M0yA","https:\/\/www.linkedin.com\/company\/thing-stories\/?viewAsMember=true"]}]}},"_links":{"self":[{"href":"https:\/\/thingstories.com\/lt\/wp-json\/wp\/v2\/pages\/16","targetHints":{"allow":["GET"]}}],"collection":[{"href":"https:\/\/thingstories.com\/lt\/wp-json\/wp\/v2\/pages"}],"about":[{"href":"https:\/\/thingstories.com\/lt\/wp-json\/wp\/v2\/types\/page"}],"author":[{"embeddable":true,"href":"https:\/\/thingstories.com\/lt\/wp-json\/wp\/v2\/users\/11"}],"replies":[{"embeddable":true,"href":"https:\/\/thingstories.com\/lt\/wp-json\/wp\/v2\/comments?post=16"}],"version-history":[{"count":70,"href":"https:\/\/thingstories.com\/lt\/wp-json\/wp\/v2\/pages\/16\/revisions"}],"predecessor-version":[{"id":19832,"href":"https:\/\/thingstories.com\/lt\/wp-json\/wp\/v2\/pages\/16\/revisions\/19832"}],"wp:attachment":[{"href":"https:\/\/thingstories.com\/lt\/wp-json\/wp\/v2\/media?parent=16"}],"curies":[{"name":"wp","href":"https:\/\/api.w.org\/{rel}","templated":true}]}}